{"id":19033,"date":"2024-11-19T22:53:32","date_gmt":"2024-11-19T19:53:32","guid":{"rendered":"https:\/\/www.dovanupastas.lt\/?post_type=product&#038;p=19033"},"modified":"2024-11-19T22:55:11","modified_gmt":"2024-11-19T19:55:11","slug":"tualeto-laikmatis-teciui","status":"publish","type":"product","link":"https:\/\/www.dovanupastas.lt\/?product=tualeto-laikmatis-teciui","title":{"rendered":"Tualeto laikmatis te\u010diui"},"content":{"rendered":"<p>Tualeto laikmatis, juokinga dovana vyrams, t\u0117\u010diams, broliams ar seneliams. Kaip matote paveiksl\u0117lyje, \u0161i dovana gav\u0117jui siun\u010dia ai\u0161ki\u0105 \u017eini\u0105. Unikalus ir funkcionalus sm\u0117lio laikmatis, kuris veikia ma\u017edaug 5 minutes. Tvirta konstrukcija. Puiki dovana Kal\u0117d\u0173, T\u0117vo dienos, gimtadieni\u0173 ir kitomis progomis. Pasukite 360 laipsni\u0173 kampu ir laikrodis prad\u0117s skai\u010diuoti minutes i\u0161 naujo.<\/p>\n","protected":false},"excerpt":{"rendered":"<p>Tualeto laikmatis, juokinga dovana vyrams, t\u0117\u010diams, broliams ar seneliams. Kaip matote paveiksl\u0117lyje, \u0161i dovana gav\u0117jui siun\u010dia ai\u0161ki\u0105 \u017eini\u0105. Unikalus ir funkcionalus sm\u0117lio laikmatis, kuris veikia ma\u017edaug 5 minutes. Tvirta konstrukcija. Puiki dovana Kal\u0117d\u0173, T\u0117vo dienos, gimtadieni\u0173 ir kitomis progomis. Pasukite 360 laipsni\u0173 kampu ir laikrodis prad\u0117s skai\u010diuoti minutes i\u0161 naujo.<\/p>\n","protected":false},"featured_media":19034,"comment_status":"open","ping_status":"closed","template":"","meta":[],"product_cat":[68,133,66,132,74,170,63],"product_tag":[],"_links":{"self":[{"href":"https:\/\/www.dovanupastas.lt\/index.php?rest_route=\/wp\/v2\/product\/19033"}],"collection":[{"href":"https:\/\/www.dovanupastas.lt\/index.php?rest_route=\/wp\/v2\/product"}],"about":[{"href":"https:\/\/www.dovanupastas.lt\/index.php?rest_route=\/wp\/v2\/types\/product"}],"replies":[{"embeddable":true,"href":"https:\/\/www.dovanupastas.lt\/index.php?rest_route=%2Fwp%2Fv2%2Fcomments&post=19033"}],"version-history":[{"count":1,"href":"https:\/\/www.dovanupastas.lt\/index.php?rest_route=\/wp\/v2\/product\/19033\/revisions"}],"predecessor-version":[{"id":19035,"href":"https:\/\/www.dovanupastas.lt\/index.php?rest_route=\/wp\/v2\/product\/19033\/revisions\/19035"}],"wp:featuredmedia":[{"embeddable":true,"href":"https:\/\/www.dovanupastas.lt\/index.php?rest_route=\/wp\/v2\/media\/19034"}],"wp:attachment":[{"href":"https:\/\/www.dovanupastas.lt\/index.php?rest_route=%2Fwp%2Fv2%2Fmedia&parent=19033"}],"wp:term":[{"taxonomy":"product_cat","embeddable":true,"href":"https:\/\/www.dovanupastas.lt\/index.php?rest_route=%2Fwp%2Fv2%2Fproduct_cat&post=19033"},{"taxonomy":"product_tag","embeddable":true,"href":"https:\/\/www.dovanupastas.lt\/index.php?rest_route=%2Fwp%2Fv2%2Fproduct_tag&post=19033"}],"curies":[{"name":"wp","href":"https:\/\/api.w.org\/{rel}","templated":true}]}}