{"id":18909,"date":"2024-04-07T21:16:04","date_gmt":"2024-04-07T18:16:04","guid":{"rendered":"https:\/\/www.dovanupastas.lt\/?post_type=product&#038;p=18909"},"modified":"2025-12-13T20:07:30","modified_gmt":"2025-12-13T17:07:30","slug":"marskineliai-su-uzrasu-tetis-2","status":"publish","type":"product","link":"https:\/\/www.dovanupastas.lt\/?product=marskineliai-su-uzrasu-tetis-2","title":{"rendered":"Mar\u0161kin\u0117liai su u\u017era\u0161u (T\u0117tis)"},"content":{"rendered":"<p>I\u0161skirtin\u0117 dovana t\u0117\u010diams \u2013 mar\u0161kin\u0117liai su spauda. Puiki ir prakti\u0161ka dovana gimtadienio, t\u0117\u010dio dienos proga ar tiesiog be jokios progos.<\/p>\n<p>&nbsp;<\/p>\n<p>Sud\u0117tis: 50% \u0161ukuotin\u0117 medviln\u0117, 50% poliesteris.<br \/>\nGramat\u016bra: 160 g\/m\u00b2.<\/p>\n<p>Prie\u017ei\u016bra:<\/p>\n<ul>\n<li>Skalbti ne didesn\u0117je nei 30\u02daC laipsni\u0173 temperat\u016broje, rankomis.<\/li>\n<li>Skalbti i\u0161vertus \u012f kit\u0105 pus\u0119.<\/li>\n<li>Naudoti \u0161velnias skalbimo priemones.<\/li>\n<li>Lyginti \u017eemoje temperat\u016broje \u2013 max 100\u00b0C laipsni\u0173.<\/li>\n<li>Nelyginti per pie\u0161in\u012f, tiesioginiame spaudos plote.<\/li>\n<li>D\u017eiovinti \u012fprastu b\u016bdu, nenaudoti d\u017eiovinimo funkcijos.<\/li>\n<li>Nenaudoti balinimo priemoni\u0173.<\/li>\n<\/ul>\n","protected":false},"excerpt":{"rendered":"<p>I\u0161skirtin\u0117 dovana t\u0117\u010diams \u2013 mar\u0161kin\u0117liai su spauda. Puiki ir prakti\u0161ka dovana gimtadienio, t\u0117\u010dio dienos proga ar tiesiog be jokios progos. &nbsp; Sud\u0117tis: 50% \u0161ukuotin\u0117 medviln\u0117, 50% poliesteris. Gramat\u016bra: 160 g\/m\u00b2. Prie\u017ei\u016bra: Skalbti ne didesn\u0117je nei 30\u02daC laipsni\u0173 temperat\u016broje, rankomis. Skalbti i\u0161vertus \u012f kit\u0105 pus\u0119. Naudoti \u0161velnias skalbimo priemones. Lyginti \u017eemoje temperat\u016broje \u2013 max 100\u00b0C laipsni\u0173. [&hellip;]<\/p>\n","protected":false},"featured_media":18915,"comment_status":"open","ping_status":"closed","template":"","meta":[],"product_cat":[172,74,170],"product_tag":[102,151],"_links":{"self":[{"href":"https:\/\/www.dovanupastas.lt\/index.php?rest_route=\/wp\/v2\/product\/18909"}],"collection":[{"href":"https:\/\/www.dovanupastas.lt\/index.php?rest_route=\/wp\/v2\/product"}],"about":[{"href":"https:\/\/www.dovanupastas.lt\/index.php?rest_route=\/wp\/v2\/types\/product"}],"replies":[{"embeddable":true,"href":"https:\/\/www.dovanupastas.lt\/index.php?rest_route=%2Fwp%2Fv2%2Fcomments&post=18909"}],"version-history":[{"count":1,"href":"https:\/\/www.dovanupastas.lt\/index.php?rest_route=\/wp\/v2\/product\/18909\/revisions"}],"predecessor-version":[{"id":18916,"href":"https:\/\/www.dovanupastas.lt\/index.php?rest_route=\/wp\/v2\/product\/18909\/revisions\/18916"}],"wp:featuredmedia":[{"embeddable":true,"href":"https:\/\/www.dovanupastas.lt\/index.php?rest_route=\/wp\/v2\/media\/18915"}],"wp:attachment":[{"href":"https:\/\/www.dovanupastas.lt\/index.php?rest_route=%2Fwp%2Fv2%2Fmedia&parent=18909"}],"wp:term":[{"taxonomy":"product_cat","embeddable":true,"href":"https:\/\/www.dovanupastas.lt\/index.php?rest_route=%2Fwp%2Fv2%2Fproduct_cat&post=18909"},{"taxonomy":"product_tag","embeddable":true,"href":"https:\/\/www.dovanupastas.lt\/index.php?rest_route=%2Fwp%2Fv2%2Fproduct_tag&post=18909"}],"curies":[{"name":"wp","href":"https:\/\/api.w.org\/{rel}","templated":true}]}}