{"id":18799,"date":"2024-04-07T11:57:24","date_gmt":"2024-04-07T08:57:24","guid":{"rendered":"https:\/\/www.dovanupastas.lt\/?post_type=product&#038;p=18799"},"modified":"2025-12-13T20:14:18","modified_gmt":"2025-12-13T17:14:18","slug":"vyriskas-dzemperis-su-uzrasu-super-kriksto-tetis","status":"publish","type":"product","link":"https:\/\/www.dovanupastas.lt\/?product=vyriskas-dzemperis-su-uzrasu-super-kriksto-tetis","title":{"rendered":"Vyri\u0161kas d\u017eemperis su u\u017era\u0161u \u201eSuper Krik\u0161to T\u0117tis\u201d"},"content":{"rendered":"<p>I\u0161skirtin\u0117 dovana t\u0117\u010diams \u2013 \u0161iltas ir mink\u0161tas d\u017eemperis su spauda. Puiki ir prakti\u0161ka dovana gimtadienio, krik\u0161tyn\u0173, t\u0117\u010dio dienos proga ar tiesiog be jokios progos.<\/p>\n<p>&nbsp;<\/p>\n<p>Sud\u0117tis: 80% \u0161ukuotin\u0117 medviln\u0117, 20% poliesteris.<br \/>\nGramat\u016bra:\u00a0280 g\/m\u00b2.<\/p>\n<p>Prie\u017ei\u016bra:<\/p>\n<ul>\n<li>Skalbti ne didesn\u0117je nei 30\u02daC laipsni\u0173 temperat\u016broje, rankomis.<\/li>\n<li>Skalbti i\u0161vertus \u012f kit\u0105 pus\u0119.<\/li>\n<li>Naudoti \u0161velnias skalbimo priemones.<\/li>\n<li>Lyginti \u017eemoje temperat\u016broje \u2013 max 100\u00b0C laipsni\u0173.<\/li>\n<li>Nelyginti per pie\u0161in\u012f, tiesioginiame spaudos plote.<\/li>\n<li>D\u017eiovinti \u012fprastu b\u016bdu, nenaudoti d\u017eiovinimo funkcijos.<\/li>\n<li>Nenaudoti balinimo priemoni\u0173.<\/li>\n<\/ul>\n","protected":false},"excerpt":{"rendered":"<p>I\u0161skirtin\u0117 dovana t\u0117\u010diams \u2013 \u0161iltas ir mink\u0161tas d\u017eemperis su spauda. Puiki ir prakti\u0161ka dovana gimtadienio, krik\u0161tyn\u0173, t\u0117\u010dio dienos proga ar tiesiog be jokios progos. &nbsp; Sud\u0117tis: 80% \u0161ukuotin\u0117 medviln\u0117, 20% poliesteris. Gramat\u016bra:\u00a0280 g\/m\u00b2. Prie\u017ei\u016bra: Skalbti ne didesn\u0117je nei 30\u02daC laipsni\u0173 temperat\u016broje, rankomis. Skalbti i\u0161vertus \u012f kit\u0105 pus\u0119. Naudoti \u0161velnias skalbimo priemones. Lyginti \u017eemoje temperat\u016broje \u2013 [&hellip;]<\/p>\n","protected":false},"featured_media":18813,"comment_status":"open","ping_status":"closed","template":"","meta":[],"product_cat":[173,68,152,153,74,170,63],"product_tag":[102,155,151],"_links":{"self":[{"href":"https:\/\/www.dovanupastas.lt\/index.php?rest_route=\/wp\/v2\/product\/18799"}],"collection":[{"href":"https:\/\/www.dovanupastas.lt\/index.php?rest_route=\/wp\/v2\/product"}],"about":[{"href":"https:\/\/www.dovanupastas.lt\/index.php?rest_route=\/wp\/v2\/types\/product"}],"replies":[{"embeddable":true,"href":"https:\/\/www.dovanupastas.lt\/index.php?rest_route=%2Fwp%2Fv2%2Fcomments&post=18799"}],"version-history":[{"count":1,"href":"https:\/\/www.dovanupastas.lt\/index.php?rest_route=\/wp\/v2\/product\/18799\/revisions"}],"predecessor-version":[{"id":18815,"href":"https:\/\/www.dovanupastas.lt\/index.php?rest_route=\/wp\/v2\/product\/18799\/revisions\/18815"}],"wp:featuredmedia":[{"embeddable":true,"href":"https:\/\/www.dovanupastas.lt\/index.php?rest_route=\/wp\/v2\/media\/18813"}],"wp:attachment":[{"href":"https:\/\/www.dovanupastas.lt\/index.php?rest_route=%2Fwp%2Fv2%2Fmedia&parent=18799"}],"wp:term":[{"taxonomy":"product_cat","embeddable":true,"href":"https:\/\/www.dovanupastas.lt\/index.php?rest_route=%2Fwp%2Fv2%2Fproduct_cat&post=18799"},{"taxonomy":"product_tag","embeddable":true,"href":"https:\/\/www.dovanupastas.lt\/index.php?rest_route=%2Fwp%2Fv2%2Fproduct_tag&post=18799"}],"curies":[{"name":"wp","href":"https:\/\/api.w.org\/{rel}","templated":true}]}}