{"id":18163,"date":"2023-11-20T01:13:07","date_gmt":"2023-11-19T22:13:07","guid":{"rendered":"https:\/\/www.dovanupastas.lt\/?post_type=product&#038;p=18163"},"modified":"2025-12-13T21:06:16","modified_gmt":"2025-12-13T18:06:16","slug":"kojines-super-tetis","status":"publish","type":"product","link":"https:\/\/www.dovanupastas.lt\/?product=kojines-super-tetis","title":{"rendered":"Kojin\u0117s Super T\u0117tis"},"content":{"rendered":"<p>Patogios, \u0161maik\u0161\u010dios kojin\u0117s &#8211; i\u0161skirtin\u0117 ir prakti\u0161ka dovana.<br \/>\nPadovanokit i\u0161skirtinio dizaino kokybi\u0161kas kojines su spauda.<\/p>\n<p>Viena pora kojini\u0173 su spauda ant abiej\u0173 kojini\u0173.<br \/>\nGalima \u012fsigyti su dovan\u0173 d\u0117\u017eute 90*70*30 mm.<\/p>\n<p>Prie\u017ei\u016bra:<\/p>\n<ul>\n<li>Skalbti 30 \u00b0C vandenyje, i\u0161vertus \u012f blog\u0105j\u0105 pus\u0119.<\/li>\n<li>Nenaudoti balinimo priemoni\u0173.<\/li>\n<li>D\u017eiovinti \u012fprastu b\u016bdu.<\/li>\n<li>Lyginti vidutine temperat\u016bra, ne didesne kaip 150 \u00b0C<\/li>\n<\/ul>\n","protected":false},"excerpt":{"rendered":"<p>Patogios, \u0161maik\u0161\u010dios kojin\u0117s &#8211; i\u0161skirtin\u0117 ir prakti\u0161ka dovana. Padovanokit i\u0161skirtinio dizaino kokybi\u0161kas kojines su spauda. Viena pora kojini\u0173 su spauda ant abiej\u0173 kojini\u0173. Galima \u012fsigyti su dovan\u0173 d\u0117\u017eute 90*70*30 mm. Prie\u017ei\u016bra: Skalbti 30 \u00b0C vandenyje, i\u0161vertus \u012f blog\u0105j\u0105 pus\u0119. Nenaudoti balinimo priemoni\u0173. D\u017eiovinti \u012fprastu b\u016bdu. Lyginti vidutine temperat\u016bra, ne didesne kaip 150 \u00b0C<\/p>\n","protected":false},"featured_media":18508,"comment_status":"open","ping_status":"closed","template":"","meta":[],"product_cat":[68,133,77,74,170],"product_tag":[100,102,101,149,127,128,130,129,150,151],"_links":{"self":[{"href":"https:\/\/www.dovanupastas.lt\/index.php?rest_route=\/wp\/v2\/product\/18163"}],"collection":[{"href":"https:\/\/www.dovanupastas.lt\/index.php?rest_route=\/wp\/v2\/product"}],"about":[{"href":"https:\/\/www.dovanupastas.lt\/index.php?rest_route=\/wp\/v2\/types\/product"}],"replies":[{"embeddable":true,"href":"https:\/\/www.dovanupastas.lt\/index.php?rest_route=%2Fwp%2Fv2%2Fcomments&post=18163"}],"version-history":[{"count":0,"href":"https:\/\/www.dovanupastas.lt\/index.php?rest_route=\/wp\/v2\/product\/18163\/revisions"}],"wp:featuredmedia":[{"embeddable":true,"href":"https:\/\/www.dovanupastas.lt\/index.php?rest_route=\/wp\/v2\/media\/18508"}],"wp:attachment":[{"href":"https:\/\/www.dovanupastas.lt\/index.php?rest_route=%2Fwp%2Fv2%2Fmedia&parent=18163"}],"wp:term":[{"taxonomy":"product_cat","embeddable":true,"href":"https:\/\/www.dovanupastas.lt\/index.php?rest_route=%2Fwp%2Fv2%2Fproduct_cat&post=18163"},{"taxonomy":"product_tag","embeddable":true,"href":"https:\/\/www.dovanupastas.lt\/index.php?rest_route=%2Fwp%2Fv2%2Fproduct_tag&post=18163"}],"curies":[{"name":"wp","href":"https:\/\/api.w.org\/{rel}","templated":true}]}}