{"id":18139,"date":"2023-11-18T00:29:51","date_gmt":"2023-11-17T21:29:51","guid":{"rendered":"https:\/\/www.dovanupastas.lt\/?post_type=product&#038;p=18139"},"modified":"2025-12-13T21:13:39","modified_gmt":"2025-12-13T18:13:39","slug":"vaikino-kojiniu-rinkinys-savaitei","status":"publish","type":"product","link":"https:\/\/www.dovanupastas.lt\/?product=vaikino-kojiniu-rinkinys-savaitei","title":{"rendered":"Vaikino kojini\u0173 rinkinys savaitei"},"content":{"rendered":"<p>Patogios, \u0161maik\u0161\u010dios kojin\u0117s &#8211; i\u0161skirtin\u0117 ir prakti\u0161ka dovana.<br \/>\nPadovanokit i\u0161skirtinio dizaino kokybi\u0161kas kojines su spauda.<\/p>\n<p>Septynios poros kojini\u0173 su spauda ant abiej\u0173 kojini\u0173.<br \/>\nGalima \u012fsigyti su dovan\u0173 d\u0117\u017eute.<\/p>\n<p>Prie\u017ei\u016bra:<\/p>\n<ul>\n<li>Skalbti 30 \u00b0C vandenyje, i\u0161vertus \u012f blog\u0105j\u0105 pus\u0119.<\/li>\n<li>Nenaudoti balinimo priemoni\u0173.<\/li>\n<li>D\u017eiovinti \u012fprastu b\u016bdu.<\/li>\n<li>Lyginti vidutine temperat\u016bra, ne didesne kaip 150 \u00b0C<\/li>\n<\/ul>\n","protected":false},"excerpt":{"rendered":"<p>Patogios, \u0161maik\u0161\u010dios kojin\u0117s &#8211; i\u0161skirtin\u0117 ir prakti\u0161ka dovana. Padovanokit i\u0161skirtinio dizaino kokybi\u0161kas kojines su spauda. Septynios poros kojini\u0173 su spauda ant abiej\u0173 kojini\u0173. Galima \u012fsigyti su dovan\u0173 d\u0117\u017eute. Prie\u017ei\u016bra: Skalbti 30 \u00b0C vandenyje, i\u0161vertus \u012f blog\u0105j\u0105 pus\u0119. Nenaudoti balinimo priemoni\u0173. D\u017eiovinti \u012fprastu b\u016bdu. Lyginti vidutine temperat\u016bra, ne didesne kaip 150 \u00b0C<\/p>\n","protected":false},"featured_media":18500,"comment_status":"open","ping_status":"closed","template":"","meta":[],"product_cat":[68,133,77,136],"product_tag":[100,108,127,128,130,129,145,140,148],"_links":{"self":[{"href":"https:\/\/www.dovanupastas.lt\/index.php?rest_route=\/wp\/v2\/product\/18139"}],"collection":[{"href":"https:\/\/www.dovanupastas.lt\/index.php?rest_route=\/wp\/v2\/product"}],"about":[{"href":"https:\/\/www.dovanupastas.lt\/index.php?rest_route=\/wp\/v2\/types\/product"}],"replies":[{"embeddable":true,"href":"https:\/\/www.dovanupastas.lt\/index.php?rest_route=%2Fwp%2Fv2%2Fcomments&post=18139"}],"version-history":[{"count":0,"href":"https:\/\/www.dovanupastas.lt\/index.php?rest_route=\/wp\/v2\/product\/18139\/revisions"}],"wp:featuredmedia":[{"embeddable":true,"href":"https:\/\/www.dovanupastas.lt\/index.php?rest_route=\/wp\/v2\/media\/18500"}],"wp:attachment":[{"href":"https:\/\/www.dovanupastas.lt\/index.php?rest_route=%2Fwp%2Fv2%2Fmedia&parent=18139"}],"wp:term":[{"taxonomy":"product_cat","embeddable":true,"href":"https:\/\/www.dovanupastas.lt\/index.php?rest_route=%2Fwp%2Fv2%2Fproduct_cat&post=18139"},{"taxonomy":"product_tag","embeddable":true,"href":"https:\/\/www.dovanupastas.lt\/index.php?rest_route=%2Fwp%2Fv2%2Fproduct_tag&post=18139"}],"curies":[{"name":"wp","href":"https:\/\/api.w.org\/{rel}","templated":true}]}}