{"id":18104,"date":"2023-11-17T01:30:28","date_gmt":"2023-11-16T22:30:28","guid":{"rendered":"https:\/\/www.dovanupastas.lt\/?post_type=product&#038;p=18104"},"modified":"2023-12-18T01:55:41","modified_gmt":"2023-12-17T22:55:41","slug":"ivairiu-skoniu-kramtoma-guma-love-is-100vnt","status":"publish","type":"product","link":"https:\/\/www.dovanupastas.lt\/?product=ivairiu-skoniu-kramtoma-guma-love-is-100vnt","title":{"rendered":"\u012evairi\u0173 skoni\u0173 kramtoma guma &#8220;LOVE IS&#8230;&#8221; (100vnt.)"},"content":{"rendered":"<p>\u012evairi\u0173 skoni\u0173 kramtoma guma &#8220;LOVE IS&#8230;&#8221;<\/p>\n<p>Sudedamosios dalys: cukrus, gliukoz\u0117s sirupas, kramtomos gumos pagrindas, r\u016bg\u0161tingum\u0105 reguliuojanti med\u017eiaga: citrin\u0173 r\u016bg\u0161tis; kvapiosios med\u017eiagos, emulsiklis lecitinas, da\u017eikliai: E120, E160a; antioksidatorius BHT. Netinka vaikams iki 3 met\u0173 am\u017eiaus.<\/p>\n<p>Grynasis kiekis: 100&#215;4,2g.<\/p>\n<p>Laikyti sausoje ir v\u0117sioje vietoje.<\/p>\n<p>Kilm\u0117s \u0161alis: Turkija.<\/p>\n","protected":false},"excerpt":{"rendered":"<p>\u012evairi\u0173 skoni\u0173 kramtoma guma &#8220;LOVE IS&#8230;&#8221; Sudedamosios dalys: cukrus, gliukoz\u0117s sirupas, kramtomos gumos pagrindas, r\u016bg\u0161tingum\u0105 reguliuojanti med\u017eiaga: citrin\u0173 r\u016bg\u0161tis; kvapiosios med\u017eiagos, emulsiklis lecitinas, da\u017eikliai: E120, E160a; antioksidatorius BHT. Netinka vaikams iki 3 met\u0173 am\u017eiaus. Grynasis kiekis: 100&#215;4,2g. Laikyti sausoje ir v\u0117sioje vietoje. Kilm\u0117s \u0161alis: Turkija.<\/p>\n","protected":false},"featured_media":18489,"comment_status":"open","ping_status":"closed","template":"","meta":[],"product_cat":[71,75,68,133,73,72,70,62,135,76,74,64,136,69,63],"product_tag":[138,139,137,140,141],"_links":{"self":[{"href":"https:\/\/www.dovanupastas.lt\/index.php?rest_route=\/wp\/v2\/product\/18104"}],"collection":[{"href":"https:\/\/www.dovanupastas.lt\/index.php?rest_route=\/wp\/v2\/product"}],"about":[{"href":"https:\/\/www.dovanupastas.lt\/index.php?rest_route=\/wp\/v2\/types\/product"}],"replies":[{"embeddable":true,"href":"https:\/\/www.dovanupastas.lt\/index.php?rest_route=%2Fwp%2Fv2%2Fcomments&post=18104"}],"version-history":[{"count":1,"href":"https:\/\/www.dovanupastas.lt\/index.php?rest_route=\/wp\/v2\/product\/18104\/revisions"}],"predecessor-version":[{"id":18240,"href":"https:\/\/www.dovanupastas.lt\/index.php?rest_route=\/wp\/v2\/product\/18104\/revisions\/18240"}],"wp:featuredmedia":[{"embeddable":true,"href":"https:\/\/www.dovanupastas.lt\/index.php?rest_route=\/wp\/v2\/media\/18489"}],"wp:attachment":[{"href":"https:\/\/www.dovanupastas.lt\/index.php?rest_route=%2Fwp%2Fv2%2Fmedia&parent=18104"}],"wp:term":[{"taxonomy":"product_cat","embeddable":true,"href":"https:\/\/www.dovanupastas.lt\/index.php?rest_route=%2Fwp%2Fv2%2Fproduct_cat&post=18104"},{"taxonomy":"product_tag","embeddable":true,"href":"https:\/\/www.dovanupastas.lt\/index.php?rest_route=%2Fwp%2Fv2%2Fproduct_tag&post=18104"}],"curies":[{"name":"wp","href":"https:\/\/api.w.org\/{rel}","templated":true}]}}