{"id":18102,"date":"2023-11-17T01:20:50","date_gmt":"2023-11-16T22:20:50","guid":{"rendered":"https:\/\/www.dovanupastas.lt\/?post_type=product&#038;p=18102"},"modified":"2025-03-11T23:01:47","modified_gmt":"2025-03-11T20:01:47","slug":"apelsinu-ananasu-skonio-kramtoma-guma-love-is-100vnt","status":"publish","type":"product","link":"https:\/\/www.dovanupastas.lt\/?product=apelsinu-ananasu-skonio-kramtoma-guma-love-is-100vnt","title":{"rendered":"Apelsin\u0173 &#8211; ananas\u0173 skonio kramtoma guma &#8220;LOVE IS&#8230;&#8221; (100vnt.)"},"content":{"rendered":"<p>Apelsin\u0173 &#8211; ananas\u0173 skonio kramtoma guma &#8220;LOVE IS&#8230;&#8221;<\/p>\n<p>Sudedamosios dalys: cukrus, gliukoz\u0117s sirupas, kramtomos gumos pagrindas, r\u016bg\u0161tingum\u0105 reguliuojanti med\u017eiaga: citrin\u0173 r\u016bg\u0161tis; kvapiosios med\u017eiagos, emulsiklis lecitinas, da\u017eikliai: E120, E160a; antioksidatorius BHT. Netinka vaikams iki 3 met\u0173 am\u017eiaus.<\/p>\n<p>Grynasis kiekis: 100&#215;4,2g.<\/p>\n<p>Laikyti sausoje ir v\u0117sioje vietoje.<\/p>\n<p>Kilm\u0117s \u0161alis: Turkija.<\/p>\n","protected":false},"excerpt":{"rendered":"<p>Apelsin\u0173 &#8211; ananas\u0173 skonio kramtoma guma &#8220;LOVE IS&#8230;&#8221; Sudedamosios dalys: cukrus, gliukoz\u0117s sirupas, kramtomos gumos pagrindas, r\u016bg\u0161tingum\u0105 reguliuojanti med\u017eiaga: citrin\u0173 r\u016bg\u0161tis; kvapiosios med\u017eiagos, emulsiklis lecitinas, da\u017eikliai: E120, E160a; antioksidatorius BHT. Netinka vaikams iki 3 met\u0173 am\u017eiaus. Grynasis kiekis: 100&#215;4,2g. Laikyti sausoje ir v\u0117sioje vietoje. Kilm\u0117s \u0161alis: Turkija.<\/p>\n","protected":false},"featured_media":18488,"comment_status":"open","ping_status":"closed","template":"","meta":[],"product_cat":[71,75,68,133,73,72,70,62,135,76,74,64,136,69,63],"product_tag":[138,139,137,140,141],"_links":{"self":[{"href":"https:\/\/www.dovanupastas.lt\/index.php?rest_route=\/wp\/v2\/product\/18102"}],"collection":[{"href":"https:\/\/www.dovanupastas.lt\/index.php?rest_route=\/wp\/v2\/product"}],"about":[{"href":"https:\/\/www.dovanupastas.lt\/index.php?rest_route=\/wp\/v2\/types\/product"}],"replies":[{"embeddable":true,"href":"https:\/\/www.dovanupastas.lt\/index.php?rest_route=%2Fwp%2Fv2%2Fcomments&post=18102"}],"version-history":[{"count":0,"href":"https:\/\/www.dovanupastas.lt\/index.php?rest_route=\/wp\/v2\/product\/18102\/revisions"}],"wp:featuredmedia":[{"embeddable":true,"href":"https:\/\/www.dovanupastas.lt\/index.php?rest_route=\/wp\/v2\/media\/18488"}],"wp:attachment":[{"href":"https:\/\/www.dovanupastas.lt\/index.php?rest_route=%2Fwp%2Fv2%2Fmedia&parent=18102"}],"wp:term":[{"taxonomy":"product_cat","embeddable":true,"href":"https:\/\/www.dovanupastas.lt\/index.php?rest_route=%2Fwp%2Fv2%2Fproduct_cat&post=18102"},{"taxonomy":"product_tag","embeddable":true,"href":"https:\/\/www.dovanupastas.lt\/index.php?rest_route=%2Fwp%2Fv2%2Fproduct_tag&post=18102"}],"curies":[{"name":"wp","href":"https:\/\/api.w.org\/{rel}","templated":true}]}}