{"id":18095,"date":"2023-11-17T01:02:35","date_gmt":"2023-11-16T22:02:35","guid":{"rendered":"https:\/\/www.dovanupastas.lt\/?post_type=product&#038;p=18095"},"modified":"2023-12-18T01:47:59","modified_gmt":"2023-12-17T22:47:59","slug":"vysniu-citrinu-skonio-kramtoma-guma-love-is-100vnt","status":"publish","type":"product","link":"https:\/\/www.dovanupastas.lt\/?product=vysniu-citrinu-skonio-kramtoma-guma-love-is-100vnt","title":{"rendered":"Vy\u0161ni\u0173 &#8211; citrin\u0173 skonio kramtoma guma &#8220;LOVE IS&#8230;&#8221; (100vnt.)"},"content":{"rendered":"<p>Kramtoma guma &#8220;LOVE IS&#8230;&#8221;, vy\u0161ni\u0173 &#8211; citrinos skonio.<\/p>\n<p>Sudedamosios dalys: cukrus, gliukoz\u0117s sirupas,kramtomos gumos pagrindas, r\u016bg\u0161tingum\u0105 reguliuojan\u010dios med\u017eiagos: citrin\u0173 r\u016bg\u0161tis, obuoli\u0173 r\u016bg\u0161tis;kvapiosios med\u017eiagos, dr\u0117gm\u0119 i\u0161laikanti med\u017eiaga triacetinas, emulsiklis lecitinas, da\u017eiklis E120 antioksidatorius BHT. Netinka vaikams iki 3 met\u0173 am\u017eiaus.<\/p>\n<p>Grynasis kiekis: 100 x 4,2g.<\/p>\n<p>Laikyti sausoje ir v\u0117sioje vietoje.<\/p>\n<p>Kilm\u0117s \u0161alis: Turkija.<\/p>\n","protected":false},"excerpt":{"rendered":"<p>Kramtoma guma &#8220;LOVE IS&#8230;&#8221;, vy\u0161ni\u0173 &#8211; citrinos skonio. Sudedamosios dalys: cukrus, gliukoz\u0117s sirupas,kramtomos gumos pagrindas, r\u016bg\u0161tingum\u0105 reguliuojan\u010dios med\u017eiagos: citrin\u0173 r\u016bg\u0161tis, obuoli\u0173 r\u016bg\u0161tis;kvapiosios med\u017eiagos, dr\u0117gm\u0119 i\u0161laikanti med\u017eiaga triacetinas, emulsiklis lecitinas, da\u017eiklis E120 antioksidatorius BHT. Netinka vaikams iki 3 met\u0173 am\u017eiaus. Grynasis kiekis: 100 x 4,2g. Laikyti sausoje ir v\u0117sioje vietoje. Kilm\u0117s \u0161alis: Turkija.<\/p>\n","protected":false},"featured_media":18484,"comment_status":"open","ping_status":"closed","template":"","meta":[],"product_cat":[71,75,68,133,73,72,70,62,135,76,74,64,136,69,63],"product_tag":[138,139,137,140,141],"_links":{"self":[{"href":"https:\/\/www.dovanupastas.lt\/index.php?rest_route=\/wp\/v2\/product\/18095"}],"collection":[{"href":"https:\/\/www.dovanupastas.lt\/index.php?rest_route=\/wp\/v2\/product"}],"about":[{"href":"https:\/\/www.dovanupastas.lt\/index.php?rest_route=\/wp\/v2\/types\/product"}],"replies":[{"embeddable":true,"href":"https:\/\/www.dovanupastas.lt\/index.php?rest_route=%2Fwp%2Fv2%2Fcomments&post=18095"}],"version-history":[{"count":0,"href":"https:\/\/www.dovanupastas.lt\/index.php?rest_route=\/wp\/v2\/product\/18095\/revisions"}],"wp:featuredmedia":[{"embeddable":true,"href":"https:\/\/www.dovanupastas.lt\/index.php?rest_route=\/wp\/v2\/media\/18484"}],"wp:attachment":[{"href":"https:\/\/www.dovanupastas.lt\/index.php?rest_route=%2Fwp%2Fv2%2Fmedia&parent=18095"}],"wp:term":[{"taxonomy":"product_cat","embeddable":true,"href":"https:\/\/www.dovanupastas.lt\/index.php?rest_route=%2Fwp%2Fv2%2Fproduct_cat&post=18095"},{"taxonomy":"product_tag","embeddable":true,"href":"https:\/\/www.dovanupastas.lt\/index.php?rest_route=%2Fwp%2Fv2%2Fproduct_tag&post=18095"}],"curies":[{"name":"wp","href":"https:\/\/api.w.org\/{rel}","templated":true}]}}