{"id":18047,"date":"2023-11-14T00:49:37","date_gmt":"2023-11-13T21:49:37","guid":{"rendered":"https:\/\/www.dovanupastas.lt\/?post_type=product&#038;p=18047"},"modified":"2024-02-15T10:35:25","modified_gmt":"2024-02-15T07:35:25","slug":"kosmetikos-rinkinys-kalnu-viskis","status":"publish","type":"product","link":"https:\/\/www.dovanupastas.lt\/?product=kosmetikos-rinkinys-kalnu-viskis","title":{"rendered":"Dovan\u0173 rinkinys Kaln\u0173 viskis"},"content":{"rendered":"<p><strong>Kosmetikos Rinkinys &#8220;Kaln\u0173 Viskis&#8221;<\/strong><\/p>\n<p>Dovanokite ypating\u0105 prabang\u0105 ir kokyb\u0119 su m\u016bs\u0173 ekskliuzyviniu kosmetikos rinkiniu &#8220;Kaln\u0173 Viskis&#8221;. \u0160is rinkinys yra puiki dovana ne tik kaln\u0173 ir kelioni\u0173 m\u0117g\u0117jams, bet ir tiems, kurie vertina kokybi\u0161k\u0105 asmens higienos prie\u017ei\u016br\u0105.<\/p>\n<p><strong>Rinkinio Sud\u0117tis:<\/strong><\/p>\n<ol>\n<li><strong>Du\u0161o \u017del\u0117 100 ml\u00a0<\/strong>Kremin\u0117 du\u0161o \u017eel\u0117 su alaus mieli\u0173 ir apyni\u0173 ekstraktais, prabangiu viskio kvapu. Dr\u0117kina od\u0105 ir i\u0161laiko jos nat\u016bral\u0173 pH. \u0160velnus viskio aromatas suteiks maksimal\u0173 atsipalaidavim\u0105 prausimosi metu.<\/li>\n<li><strong>Kreminis Muilas su Glicerinu 70 g\u00a0<\/strong>\u0160maik\u0161tus viskio stikliuko formos muilas. Praturtintas alaus mieli\u0173 ir apyni\u0173 ekstraktais. \u0160velniai ir efektyviai nuplauna viso k\u016bno od\u0105, maloniai dr\u0117kina.<\/li>\n<li><strong>Plauk\u0173 \u0160amp\u016bnas 100 ml\u00a0<\/strong>\u0160amp\u016bnas, praturtintas alaus mieli\u0173 ir apyni\u0173 ekstraktais. Tinka vis\u0173 tip\u0173 plaukams, suteikia jiems \u0161velnumo ir blizgesio. Maloniai kvep\u0117s ir paliks j\u016bs\u0173 plaukus \u0161varius bei gaivius.<\/li>\n<li><strong>D\u0117\u017eut\u0117s Dydis \u2013 21,5x23x4,5 cm\u00a0<\/strong>Stilinga d\u0117\u017eut\u0117 su patraukliu dizainu, suteikianti \u0161iam rinkiniui prabangos akcent\u0105.<\/li>\n<\/ol>\n<p><strong>Naudojimas ir Sud\u0117tis:<\/strong><\/p>\n<ul>\n<li><strong>Alaus Miel\u0117s (Saccharomyces Cerevisiae):\u00a0<\/strong>Stiprina od\u0105, nagus ir plaukus. Moksliniai tyrimai rodo j\u0173 teigiam\u0105 poveik\u012f odos b\u016bklei.<\/li>\n<li><strong>Alaus Apyniai (Humulus Lupulus):\u00a0<\/strong>Atpalaiduojantis kvapas, o ekstraktas dr\u0117kina ir maitina od\u0105 bei plaukus.<\/li>\n<\/ul>\n<p>\u0160is kosmetikos rinkinys ne tik maloniai kvepia, bet ir suteikia visapus\u012f atpalaiduojant\u012f efekt\u0105. Tai puiki dovana, kuri atitiks ir prabangos, ir funkcionalumo reikalavimus.<\/p>\n","protected":false},"excerpt":{"rendered":"<p>Kosmetikos Rinkinys &#8220;Kaln\u0173 Viskis&#8221; Dovanokite ypating\u0105 prabang\u0105 ir kokyb\u0119 su m\u016bs\u0173 ekskliuzyviniu kosmetikos rinkiniu &#8220;Kaln\u0173 Viskis&#8221;. \u0160is rinkinys yra puiki dovana ne tik kaln\u0173 ir kelioni\u0173 m\u0117g\u0117jams, bet ir tiems, kurie vertina kokybi\u0161k\u0105 asmens higienos prie\u017ei\u016br\u0105. Rinkinio Sud\u0117tis: Du\u0161o \u017del\u0117 100 ml\u00a0Kremin\u0117 du\u0161o \u017eel\u0117 su alaus mieli\u0173 ir apyni\u0173 ekstraktais, prabangiu viskio kvapu. Dr\u0117kina od\u0105 [&hellip;]<\/p>\n","protected":false},"featured_media":18475,"comment_status":"open","ping_status":"closed","template":"","meta":[],"product_cat":[71,75,103,68,73,72,70,62,66,76,74,65,69,63],"product_tag":[106,105,100,109,102,108,101,96,98,99,112],"_links":{"self":[{"href":"https:\/\/www.dovanupastas.lt\/index.php?rest_route=\/wp\/v2\/product\/18047"}],"collection":[{"href":"https:\/\/www.dovanupastas.lt\/index.php?rest_route=\/wp\/v2\/product"}],"about":[{"href":"https:\/\/www.dovanupastas.lt\/index.php?rest_route=\/wp\/v2\/types\/product"}],"replies":[{"embeddable":true,"href":"https:\/\/www.dovanupastas.lt\/index.php?rest_route=%2Fwp%2Fv2%2Fcomments&post=18047"}],"version-history":[{"count":1,"href":"https:\/\/www.dovanupastas.lt\/index.php?rest_route=\/wp\/v2\/product\/18047\/revisions"}],"predecessor-version":[{"id":18686,"href":"https:\/\/www.dovanupastas.lt\/index.php?rest_route=\/wp\/v2\/product\/18047\/revisions\/18686"}],"wp:featuredmedia":[{"embeddable":true,"href":"https:\/\/www.dovanupastas.lt\/index.php?rest_route=\/wp\/v2\/media\/18475"}],"wp:attachment":[{"href":"https:\/\/www.dovanupastas.lt\/index.php?rest_route=%2Fwp%2Fv2%2Fmedia&parent=18047"}],"wp:term":[{"taxonomy":"product_cat","embeddable":true,"href":"https:\/\/www.dovanupastas.lt\/index.php?rest_route=%2Fwp%2Fv2%2Fproduct_cat&post=18047"},{"taxonomy":"product_tag","embeddable":true,"href":"https:\/\/www.dovanupastas.lt\/index.php?rest_route=%2Fwp%2Fv2%2Fproduct_tag&post=18047"}],"curies":[{"name":"wp","href":"https:\/\/api.w.org\/{rel}","templated":true}]}}