{"id":18043,"date":"2023-11-14T00:24:40","date_gmt":"2023-11-13T21:24:40","guid":{"rendered":"https:\/\/www.dovanupastas.lt\/?post_type=product&#038;p=18043"},"modified":"2024-02-15T10:33:09","modified_gmt":"2024-02-15T07:33:09","slug":"sampunas-vyno-spa","status":"publish","type":"product","link":"https:\/\/www.dovanupastas.lt\/?product=sampunas-vyno-spa","title":{"rendered":"\u0160amp\u016bnas Vyno Spa"},"content":{"rendered":"<p><strong>Vyno Spa \u0160amp\u016bnas &#8211; 200 ml<\/strong><\/p>\n<p>Leiskite mums pristatyti ypating\u0105 Vyno Spa \u0160amp\u016bn\u0105, sukurt\u0105 su dviem unikaliais ingredientais &#8211; vynuogi\u0173 s\u0117kl\u0173 aliejumi ir vynuogi\u0173 ekstraktu, kurie ne tik apsaugo, bet ir \u0161velniai dr\u0117kina plaukus. \u0160i \u0161amp\u016bno formul\u0117 yra tinkama vis\u0173 tip\u0173 plaukams.<\/p>\n<p><strong>Savyb\u0117s:<\/strong><\/p>\n<ul>\n<li><strong>Vynuogi\u0173 S\u0117kl\u0173 Aliejus ir Ekstraktas:\u00a0<\/strong>\u0160ie du unikal\u016bs ingredientai suteiks j\u016bs\u0173 plaukams ne tik dr\u0117kinam\u0105j\u012f efekt\u0105, bet ir puik\u0173 blizges\u012f. Jie paliks plaukus lengvai i\u0161\u0161ukuojamus ir nuostabiai \u017evilgan\u010dius.<\/li>\n<li><strong>Sud\u0117ting\u0173 Tip\u0173 Plaukams:\u00a0<\/strong>\u0160amp\u016bnas yra tinkamas vis\u0173 tip\u0173 plaukams, suteikdamas jiems mink\u0161tum\u0105 ir \u0161velnum\u0105.<\/li>\n<li><strong>Apsaugo ir Dr\u0117kina:\u00a0<\/strong>Vyno Spa \u0160amp\u016bnas ne tik plauna plaukus, bet ir r\u016bpinasi jais, suteikdamas jiems intensyv\u0173 dr\u0117kinam\u0105j\u012f efekt\u0105.<\/li>\n<\/ul>\n<p><strong>Naudojimas:\u00a0<\/strong>U\u017etepkite nedidel\u012f kiek\u012f \u0161amp\u016bno ant dr\u0117gn\u0173 plauk\u0173, \u0161velniai masa\u017euokite ir kruop\u0161\u010diai nuplaukite. Tinka reguliariam naudojimui.<\/p>\n<p>Leiskite Vyno Spa \u0160amp\u016bnui atskleisti j\u016bs\u0173 plauk\u0173 gro\u017e\u012f su subtiliu vynuogi\u0173 kvapu ir unikalia prie\u017ei\u016bra!<\/p>\n","protected":false},"excerpt":{"rendered":"<p>Vyno Spa \u0160amp\u016bnas &#8211; 200 ml Leiskite mums pristatyti ypating\u0105 Vyno Spa \u0160amp\u016bn\u0105, sukurt\u0105 su dviem unikaliais ingredientais &#8211; vynuogi\u0173 s\u0117kl\u0173 aliejumi ir vynuogi\u0173 ekstraktu, kurie ne tik apsaugo, bet ir \u0161velniai dr\u0117kina plaukus. \u0160i \u0161amp\u016bno formul\u0117 yra tinkama vis\u0173 tip\u0173 plaukams. Savyb\u0117s: Vynuogi\u0173 S\u0117kl\u0173 Aliejus ir Ekstraktas:\u00a0\u0160ie du unikal\u016bs ingredientai suteiks j\u016bs\u0173 plaukams ne [&hellip;]<\/p>\n","protected":false},"featured_media":18472,"comment_status":"open","ping_status":"closed","template":"","meta":[],"product_cat":[71,75,68,73,72,70,62,66,76,74,65,69,63],"product_tag":[111,100,118,116,114,117,102,101,115,99,113,110],"_links":{"self":[{"href":"https:\/\/www.dovanupastas.lt\/index.php?rest_route=\/wp\/v2\/product\/18043"}],"collection":[{"href":"https:\/\/www.dovanupastas.lt\/index.php?rest_route=\/wp\/v2\/product"}],"about":[{"href":"https:\/\/www.dovanupastas.lt\/index.php?rest_route=\/wp\/v2\/types\/product"}],"replies":[{"embeddable":true,"href":"https:\/\/www.dovanupastas.lt\/index.php?rest_route=%2Fwp%2Fv2%2Fcomments&post=18043"}],"version-history":[{"count":1,"href":"https:\/\/www.dovanupastas.lt\/index.php?rest_route=\/wp\/v2\/product\/18043\/revisions"}],"predecessor-version":[{"id":18684,"href":"https:\/\/www.dovanupastas.lt\/index.php?rest_route=\/wp\/v2\/product\/18043\/revisions\/18684"}],"wp:featuredmedia":[{"embeddable":true,"href":"https:\/\/www.dovanupastas.lt\/index.php?rest_route=\/wp\/v2\/media\/18472"}],"wp:attachment":[{"href":"https:\/\/www.dovanupastas.lt\/index.php?rest_route=%2Fwp%2Fv2%2Fmedia&parent=18043"}],"wp:term":[{"taxonomy":"product_cat","embeddable":true,"href":"https:\/\/www.dovanupastas.lt\/index.php?rest_route=%2Fwp%2Fv2%2Fproduct_cat&post=18043"},{"taxonomy":"product_tag","embeddable":true,"href":"https:\/\/www.dovanupastas.lt\/index.php?rest_route=%2Fwp%2Fv2%2Fproduct_tag&post=18043"}],"curies":[{"name":"wp","href":"https:\/\/api.w.org\/{rel}","templated":true}]}}