{"id":18041,"date":"2023-11-14T00:20:00","date_gmt":"2023-11-13T21:20:00","guid":{"rendered":"https:\/\/www.dovanupastas.lt\/?post_type=product&#038;p=18041"},"modified":"2024-02-15T10:32:22","modified_gmt":"2024-02-15T07:32:22","slug":"sampunas-su-alaus-mielemis-ir-apyniu-ekstraktais","status":"publish","type":"product","link":"https:\/\/www.dovanupastas.lt\/?product=sampunas-su-alaus-mielemis-ir-apyniu-ekstraktais","title":{"rendered":"\u0160amp\u016bnas su alaus miel\u0117mis ir apyni\u0173 ekstraktais"},"content":{"rendered":"<p><strong>\u0160amp\u016bnas Plaukams su Alaus Miel\u0117mis ir Apyni\u0173 Ekstraktais &#8211; 200 ml<\/strong><\/p>\n<p>M\u016bs\u0173 \u0161amp\u016bnas, praturtintas alaus mieli\u0173 ir paprast\u0173j\u0173 apyni\u0173 ekstraktais, yra sukurtas siekiant suteikti j\u016bs\u0173 plaukams ne tik \u0161velnumo, bet ir sveikatingumo poj\u016bt\u012f.<\/p>\n<p><strong>Savyb\u0117s:<\/strong><\/p>\n<ul>\n<li><strong>Dr\u0117kinamasis Poveikis:\u00a0<\/strong>Alaus miel\u0117s ir apyni\u0173 ekstraktai suteikia j\u016bs\u0173 plaukams prabang\u0173 dr\u0117kinam\u0105j\u012f poveik\u012f, paliekant juos mink\u0161tus ir elastingus.<\/li>\n<li><strong>Maistingieji Ingredientai:\u00a0<\/strong>Baltymai ir vitaminai teigiamai veikia tiek plaukus, tiek galvos od\u0105, prisidedant prie j\u0173 sveikatos ir gro\u017eio.<\/li>\n<li><strong>Subalansuotas pH:\u00a0<\/strong>Auk\u0161tos kokyb\u0117s ingredientai ir subalansuotas pH u\u017etikrina, kad plaukai b\u016bt\u0173 \u0161veln\u016bs ir sveiki.<\/li>\n<li><strong>Lengvas \u0160ukavimas:\u00a0<\/strong>\u0160is \u0161amp\u016bnas palengvina plauk\u0173 \u0161ukavim\u0105, o j\u016bs\u0173 plaukai atrodys \u0161ilkiniai ir blizgantys.<\/li>\n<\/ul>\n<p><strong>Naudojimas:\u00a0<\/strong>U\u017etepkite \u0161amp\u016bn\u0105 ant dr\u0117gn\u0173 plauk\u0173, \u0161velniai masa\u017euokite, kad susidaryt\u0173 putos, ir kruop\u0161\u010diai nuplaukite gausiu vandeniu. Tinka kasdieniam naudojimui.<\/p>\n<p>Leiskite \u0160amp\u016bnui atskleisti j\u016bs\u0173 plauk\u0173 tikr\u0105j\u012f gro\u017e\u012f ir pasi\u016blyti jiems subtil\u0173 alaus mieli\u0173 ir apyni\u0173 ekstrakt\u0173 malonum\u0105!<\/p>\n","protected":false},"excerpt":{"rendered":"<p>\u0160amp\u016bnas Plaukams su Alaus Miel\u0117mis ir Apyni\u0173 Ekstraktais &#8211; 200 ml M\u016bs\u0173 \u0161amp\u016bnas, praturtintas alaus mieli\u0173 ir paprast\u0173j\u0173 apyni\u0173 ekstraktais, yra sukurtas siekiant suteikti j\u016bs\u0173 plaukams ne tik \u0161velnumo, bet ir sveikatingumo poj\u016bt\u012f. Savyb\u0117s: Dr\u0117kinamasis Poveikis:\u00a0Alaus miel\u0117s ir apyni\u0173 ekstraktai suteikia j\u016bs\u0173 plaukams prabang\u0173 dr\u0117kinam\u0105j\u012f poveik\u012f, paliekant juos mink\u0161tus ir elastingus. Maistingieji Ingredientai:\u00a0Baltymai ir vitaminai [&hellip;]<\/p>\n","protected":false},"featured_media":18471,"comment_status":"open","ping_status":"closed","template":"","meta":[],"product_cat":[71,75,68,66,74,65,69,63],"product_tag":[106,105,97,100,118,109,116,114,117,102,108,101,115,99],"_links":{"self":[{"href":"https:\/\/www.dovanupastas.lt\/index.php?rest_route=\/wp\/v2\/product\/18041"}],"collection":[{"href":"https:\/\/www.dovanupastas.lt\/index.php?rest_route=\/wp\/v2\/product"}],"about":[{"href":"https:\/\/www.dovanupastas.lt\/index.php?rest_route=\/wp\/v2\/types\/product"}],"replies":[{"embeddable":true,"href":"https:\/\/www.dovanupastas.lt\/index.php?rest_route=%2Fwp%2Fv2%2Fcomments&post=18041"}],"version-history":[{"count":1,"href":"https:\/\/www.dovanupastas.lt\/index.php?rest_route=\/wp\/v2\/product\/18041\/revisions"}],"predecessor-version":[{"id":18683,"href":"https:\/\/www.dovanupastas.lt\/index.php?rest_route=\/wp\/v2\/product\/18041\/revisions\/18683"}],"wp:featuredmedia":[{"embeddable":true,"href":"https:\/\/www.dovanupastas.lt\/index.php?rest_route=\/wp\/v2\/media\/18471"}],"wp:attachment":[{"href":"https:\/\/www.dovanupastas.lt\/index.php?rest_route=%2Fwp%2Fv2%2Fmedia&parent=18041"}],"wp:term":[{"taxonomy":"product_cat","embeddable":true,"href":"https:\/\/www.dovanupastas.lt\/index.php?rest_route=%2Fwp%2Fv2%2Fproduct_cat&post=18041"},{"taxonomy":"product_tag","embeddable":true,"href":"https:\/\/www.dovanupastas.lt\/index.php?rest_route=%2Fwp%2Fv2%2Fproduct_tag&post=18041"}],"curies":[{"name":"wp","href":"https:\/\/api.w.org\/{rel}","templated":true}]}}