{"id":18032,"date":"2023-11-13T18:08:07","date_gmt":"2023-11-13T15:08:07","guid":{"rendered":"https:\/\/www.dovanupastas.lt\/?post_type=product&#038;p=18032"},"modified":"2024-02-15T10:29:44","modified_gmt":"2024-02-15T07:29:44","slug":"kosmetikos-rinkinys-sportininkui","status":"publish","type":"product","link":"https:\/\/www.dovanupastas.lt\/?product=kosmetikos-rinkinys-sportininkui","title":{"rendered":"Kosmetikos rinkinys Sportininkui"},"content":{"rendered":"<p><strong>Kosmetikos Rinkinys Sportininkas<\/strong><\/p>\n<p>\u0160is rinkinys yra puiki dovana ne tik sporto m\u0117g\u0117jams! Jis apima visk\u0105, ko reikia po intensyvios treniruot\u0117s ar ilgos darbo dienos &#8211; nuostab\u0173 du\u0161o \u017eel\u0117s kvap\u0105, \u0161veln\u0173 \u0161amp\u016bn\u0105 plaukams ir gaiv\u0173 tualetin\u012f muil\u0105. Leiskite sau atsipalaiduoti ir pasir\u016bpinti savo k\u016bnu!<\/p>\n<p>&nbsp;<\/p>\n<p><strong>Du\u0161o \u017del\u0117 su Alaus Miel\u0117mis ir Apyni\u0173 Ekstraktais &#8211; 250 ml<\/strong><\/p>\n<p>M\u016bs\u0173 \u0161iuolaikin\u0117 recept\u016bra su alaus miel\u0117mis ir apyniais suteiks jums unikal\u0173 malonum\u0105 du\u0161o metu ir odos prie\u017ei\u016br\u0105.<\/p>\n<p><strong>Savyb\u0117s:<\/strong><\/p>\n<ul>\n<li><strong>Alaus Miel\u0117s ir Apyniai:\u00a0<\/strong>Dr\u0117kina od\u0105 ir veikia kaip antiseptikai, suteikdami odai gaivum\u0105 ir \u0161var\u0105.<\/li>\n<li><strong>Lipidai:\u00a0<\/strong>Praturtinti lipidais, kurie pasi\u017eymi atstatomosiomis, dr\u0117kinamosiomis, antibakterin\u0117mis ir prie\u0161grybelin\u0117mis savyb\u0117mis, padeda atstatyti odos dr\u0117gm\u0119.<\/li>\n<li><strong>Vitaminai ir Baltymai:\u00a0<\/strong>Sud\u0117tyje yra vitamin\u0173 ir baltym\u0173, kurie padeda stiprinti od\u0105 ir palaikyti jos sveikat\u0105.<\/li>\n<li><strong>Subalansuotas pH:\u00a0<\/strong>Auk\u0161tos kokyb\u0117s komponentai ir subalansuotas pH u\u017etikrina tobul\u0105 prausim\u0105si.<\/li>\n<\/ul>\n<p><strong>Naudojimas:\u00a0<\/strong>U\u017etepkite nedidel\u012f kiek\u012f du\u0161o \u017eel\u0117s ant \u0161luost\u0117s ar tiesiog ant dr\u0117gnos odos, \u0161velniai masa\u017euokite ir nuplaukite gausiu vandeniu. Tinka kasdieniam naudojimui.<\/p>\n<p>&nbsp;<\/p>\n<p><strong>\u0160amp\u016bnas su J\u016bros Dumbli\u0173 Ekstraktu ir Negyvosios J\u016bros Druska &#8211; 250 ml<\/strong><\/p>\n<p>\u0160amp\u016bnas, kuris praturtintas mineralais ir mikroelementais, suteiks j\u016bs\u0173 plaukams ypating\u0105 prie\u017ei\u016br\u0105, kartu i\u0161laikant mink\u0161tus ir \u0161velnius.<\/p>\n<p><strong>Savyb\u0117s:<\/strong><\/p>\n<ul>\n<li><strong>J\u016bros Dumbliai ir Negyvosios J\u016bros Druska:\u00a0<\/strong>\u0160ie ingredientai suteikia plaukams mineral\u0173 ir mikroelement\u0173, padedan\u010di\u0173 i\u0161laikyti j\u0173 sveikat\u0105 ir mink\u0161tum\u0105.<\/li>\n<li><strong>Optimalus pH:\u00a0<\/strong>\u0160amp\u016bnas yra suderintas su plauk\u0173 ir galvos odos pH, tod\u0117l nesausina ir nekraipo plauk\u0173 strukt\u016bros.<\/li>\n<\/ul>\n<p><strong>Naudojimas:\u00a0<\/strong>U\u017etepkite \u0161amp\u016bn\u0105 ant dr\u0117gn\u0173 plauk\u0173, \u0161velniai masa\u017euokite, kad susidaryt\u0173 putos, ir kruop\u0161\u010diai nuplaukite gausiu vandeniu. Tinka kasdieniam naudojimui.<\/p>\n<p>&nbsp;<\/p>\n<p><strong>Muilas su Glicerinu ir J\u016bros Dumbli\u0173 Ekstraktu &#8211; 145 g<\/strong><\/p>\n<p>\u0160velnus muilas su glicerinu \u0161velniai ir efektyviai nuplauna viso k\u016bno od\u0105, paliekant j\u0105 mink\u0161t\u0105 ir gaiv\u0105.<\/p>\n<p><strong>Naudojimas:\u00a0<\/strong>Naudojama kaip \u012fprastas muilas. \u0160velniai masa\u017euokite muilu ant dr\u0117gnos odos, nuplaukite gausiu vandeniu.<\/p>\n","protected":false},"excerpt":{"rendered":"<p>Kosmetikos Rinkinys Sportininkas \u0160is rinkinys yra puiki dovana ne tik sporto m\u0117g\u0117jams! Jis apima visk\u0105, ko reikia po intensyvios treniruot\u0117s ar ilgos darbo dienos &#8211; nuostab\u0173 du\u0161o \u017eel\u0117s kvap\u0105, \u0161veln\u0173 \u0161amp\u016bn\u0105 plaukams ir gaiv\u0173 tualetin\u012f muil\u0105. Leiskite sau atsipalaiduoti ir pasir\u016bpinti savo k\u016bnu! &nbsp; Du\u0161o \u017del\u0117 su Alaus Miel\u0117mis ir Apyni\u0173 Ekstraktais &#8211; 250 ml [&hellip;]<\/p>\n","protected":false},"featured_media":18466,"comment_status":"open","ping_status":"closed","template":"","meta":[],"product_cat":[71,75,103,68,70,66,74,65,69,63],"product_tag":[100,109,102,108,101,96,98,99,123,124],"_links":{"self":[{"href":"https:\/\/www.dovanupastas.lt\/index.php?rest_route=\/wp\/v2\/product\/18032"}],"collection":[{"href":"https:\/\/www.dovanupastas.lt\/index.php?rest_route=\/wp\/v2\/product"}],"about":[{"href":"https:\/\/www.dovanupastas.lt\/index.php?rest_route=\/wp\/v2\/types\/product"}],"replies":[{"embeddable":true,"href":"https:\/\/www.dovanupastas.lt\/index.php?rest_route=%2Fwp%2Fv2%2Fcomments&post=18032"}],"version-history":[{"count":1,"href":"https:\/\/www.dovanupastas.lt\/index.php?rest_route=\/wp\/v2\/product\/18032\/revisions"}],"predecessor-version":[{"id":18680,"href":"https:\/\/www.dovanupastas.lt\/index.php?rest_route=\/wp\/v2\/product\/18032\/revisions\/18680"}],"wp:featuredmedia":[{"embeddable":true,"href":"https:\/\/www.dovanupastas.lt\/index.php?rest_route=\/wp\/v2\/media\/18466"}],"wp:attachment":[{"href":"https:\/\/www.dovanupastas.lt\/index.php?rest_route=%2Fwp%2Fv2%2Fmedia&parent=18032"}],"wp:term":[{"taxonomy":"product_cat","embeddable":true,"href":"https:\/\/www.dovanupastas.lt\/index.php?rest_route=%2Fwp%2Fv2%2Fproduct_cat&post=18032"},{"taxonomy":"product_tag","embeddable":true,"href":"https:\/\/www.dovanupastas.lt\/index.php?rest_route=%2Fwp%2Fv2%2Fproduct_tag&post=18032"}],"curies":[{"name":"wp","href":"https:\/\/api.w.org\/{rel}","templated":true}]}}