{"id":18029,"date":"2023-11-13T17:51:26","date_gmt":"2023-11-13T14:51:26","guid":{"rendered":"https:\/\/www.dovanupastas.lt\/?post_type=product&#038;p=18029"},"modified":"2024-02-15T10:28:45","modified_gmt":"2024-02-15T07:28:45","slug":"kosmetikos-dovanu-rinkinys-vyno-spa","status":"publish","type":"product","link":"https:\/\/www.dovanupastas.lt\/?product=kosmetikos-dovanu-rinkinys-vyno-spa","title":{"rendered":"Kosmetikos dovan\u0173 rinkinys Vyno SPA"},"content":{"rendered":"<p><strong>Kosmetikos Dovan\u0173 Rinkinys &#8220;Vyno SPA&#8221;<\/strong><\/p>\n<p>Pasinerkite \u012f atpalaiduojan\u010dias vandens proced\u016bras tiesiai savo namuose su ypatingu Kosmetikos Dovan\u0173 Rinkiniu &#8220;Vyno SPA&#8221;! \u0160is rinkinys apima tris prabangius produktus, kuriuose \u012fk\u016bnyta vynuogi\u0173 gali\u0105 ir nauda.<\/p>\n<p><strong>Rinkinio Sud\u0117tis:<\/strong><\/p>\n<ol>\n<li><strong>Du\u0161o \u017del\u0117 &#8211; 200 ml<\/strong>\n<p>Du\u0161o \u017eel\u0117, praturtinta specialiu vynuogi\u0173 s\u0117kl\u0173 aliejumi ir vynuogi\u0173 ekstraktu, taps j\u016bs\u0173 kasdien\u0117s higienos ritualo prabang\u0105. Jo subtili konsistencija ir malonus kvapas ne tik suteiks \u0161varos pojut\u012f, bet ir praturtins j\u016bs\u0173 od\u0105 vaisi\u0173 r\u016bg\u0161\u010di\u0173, mineral\u0173, flavonoid\u0173 ir kitomis naudingomis med\u017eiagomis.<\/li>\n<li><strong>\u0160amp\u016bnas &#8211; 200 ml<\/strong>\n<p>\u0160amp\u016bnas, turintis du unikalius ingredientus &#8211; vynuogi\u0173 s\u0117kl\u0173 aliej\u0173 ir vynuogi\u0173 ekstrakt\u0105. \u0160is produktas ne tik plauna plaukus, bet ir apsaugo bei \u0161velniai dr\u0117kina juos. J\u016bs\u0173 plaukai taps lengviau i\u0161\u0161ukuojami ir \u017evilgantys. Puikus pasirinkimas vis\u0173 tip\u0173 plaukams.<\/li>\n<li><strong>Putos Voniai &#8211; 200 ml<\/strong>\n<p>Putos voniai su alyvuogi\u0173 ir vynuogi\u0173 s\u0117kl\u0173 aliejais suteiks jums ypating\u0105 vyno SPA proced\u016br\u0105 tiesiai savo vonioje. Produkto sud\u0117tyje esantys aliejai u\u017etikrins \u0161veln\u0173 ir efektyv\u0173 odos plovim\u0105, bei i\u0161laikys jos nat\u016brali\u0105 dr\u0117gm\u0119.<\/li>\n<\/ol>\n<p><strong>Naudojimas:\u00a0<\/strong>Prid\u0117kite norim\u0105 kiek\u012f du\u0161o \u017eel\u0117s, \u0161amp\u016bno ar put\u0173 voniai \u012f \u0161ilto vandens srov\u0119 ir m\u0117gaukit\u0117s prabangiais &#8220;Vyno SPA&#8221; vandens ritualais.<\/p>\n<p><strong>Originali ir Prakti\u0161ka Dovana:\u00a0<\/strong>Kosmetikos dovan\u0173 rinkinys &#8220;Vyno SPA&#8221; yra ne tik smagi, bet ir prakti\u0161ka dovana, kuria galite nud\u017eiuginti savo artimuosius ar tiesiog pasir\u016bpinti savimi!<\/p>\n","protected":false},"excerpt":{"rendered":"<p>Kosmetikos Dovan\u0173 Rinkinys &#8220;Vyno SPA&#8221; Pasinerkite \u012f atpalaiduojan\u010dias vandens proced\u016bras tiesiai savo namuose su ypatingu Kosmetikos Dovan\u0173 Rinkiniu &#8220;Vyno SPA&#8221;! \u0160is rinkinys apima tris prabangius produktus, kuriuose \u012fk\u016bnyta vynuogi\u0173 gali\u0105 ir nauda. Rinkinio Sud\u0117tis: Du\u0161o \u017del\u0117 &#8211; 200 ml Du\u0161o \u017eel\u0117, praturtinta specialiu vynuogi\u0173 s\u0117kl\u0173 aliejumi ir vynuogi\u0173 ekstraktu, taps j\u016bs\u0173 kasdien\u0117s higienos ritualo prabang\u0105. [&hellip;]<\/p>\n","protected":false},"featured_media":18545,"comment_status":"open","ping_status":"closed","template":"","meta":[],"product_cat":[71,75,103,68,73,72,70,62,66,76,74,65,69,63],"product_tag":[111,118,109,116,114,117,101,115,96,98,99,122,113,110],"_links":{"self":[{"href":"https:\/\/www.dovanupastas.lt\/index.php?rest_route=\/wp\/v2\/product\/18029"}],"collection":[{"href":"https:\/\/www.dovanupastas.lt\/index.php?rest_route=\/wp\/v2\/product"}],"about":[{"href":"https:\/\/www.dovanupastas.lt\/index.php?rest_route=\/wp\/v2\/types\/product"}],"replies":[{"embeddable":true,"href":"https:\/\/www.dovanupastas.lt\/index.php?rest_route=%2Fwp%2Fv2%2Fcomments&post=18029"}],"version-history":[{"count":1,"href":"https:\/\/www.dovanupastas.lt\/index.php?rest_route=\/wp\/v2\/product\/18029\/revisions"}],"predecessor-version":[{"id":18679,"href":"https:\/\/www.dovanupastas.lt\/index.php?rest_route=\/wp\/v2\/product\/18029\/revisions\/18679"}],"wp:featuredmedia":[{"embeddable":true,"href":"https:\/\/www.dovanupastas.lt\/index.php?rest_route=\/wp\/v2\/media\/18545"}],"wp:attachment":[{"href":"https:\/\/www.dovanupastas.lt\/index.php?rest_route=%2Fwp%2Fv2%2Fmedia&parent=18029"}],"wp:term":[{"taxonomy":"product_cat","embeddable":true,"href":"https:\/\/www.dovanupastas.lt\/index.php?rest_route=%2Fwp%2Fv2%2Fproduct_cat&post=18029"},{"taxonomy":"product_tag","embeddable":true,"href":"https:\/\/www.dovanupastas.lt\/index.php?rest_route=%2Fwp%2Fv2%2Fproduct_tag&post=18029"}],"curies":[{"name":"wp","href":"https:\/\/api.w.org\/{rel}","templated":true}]}}