{"id":18027,"date":"2023-11-13T17:40:55","date_gmt":"2023-11-13T14:40:55","guid":{"rendered":"https:\/\/www.dovanupastas.lt\/?post_type=product&#038;p=18027"},"modified":"2024-02-15T10:27:45","modified_gmt":"2024-02-15T07:27:45","slug":"duso-zele-sampunas-4v1-250-ml","status":"publish","type":"product","link":"https:\/\/www.dovanupastas.lt\/?product=duso-zele-sampunas-4v1-250-ml","title":{"rendered":"Du\u0161o \u017eel\u0117-\u0161amp\u016bnas 4V1  250 ml"},"content":{"rendered":"<p><strong>Automobilio Tepal\u0173 Buteliuko Imitacija su Du\u0161o \u017del\u0117\/\u0160amp\u016bnu 4V1 (250 ml): Originali Dovana Vyrams!<\/strong><\/p>\n<p>\u0160i originali dovana tikrus vyrus neabejotinai nustebins ir nepaliks nei vieno abejingo.<\/p>\n<p><strong>Du\u0161o \u017del\u0117\/\u0160amp\u016bnas 4V1 (250 ml):<\/strong><\/p>\n<ul>\n<li>Universali paskirtis \u2013 puikiai tinka k\u016bno prausimui ir plauk\u0173 plovimui.<\/li>\n<li>Malonaus kvapo formul\u0117 palieka od\u0105 gaivi\u0105 ir \u0161vari\u0105.<\/li>\n<li>Po dienos darb\u0173 nuplauna ir atgaivina od\u0105, suteikdama jums malonum\u0105 ir gaivum\u0105.<\/li>\n<\/ul>\n<p>\u0160is dovan\u0173 rinkinys ne tik si\u016blo puiki\u0105 higienos prie\u017ei\u016br\u0105, bet ir siun\u010dia original\u0119 \u017einut\u0119 su automobilio tepalo buteliuko imitacija, priversian\u010di\u0105 nusi\u0161ypsoti kiekvien\u0105 tikr\u0105 vyruk\u0105. Nustebinkite vyrus \u0161ia ne\u012fprasta ir prakti\u0161ka dovana!<\/p>\n","protected":false},"excerpt":{"rendered":"<p>Automobilio Tepal\u0173 Buteliuko Imitacija su Du\u0161o \u017del\u0117\/\u0160amp\u016bnu 4V1 (250 ml): Originali Dovana Vyrams! \u0160i originali dovana tikrus vyrus neabejotinai nustebins ir nepaliks nei vieno abejingo. Du\u0161o \u017del\u0117\/\u0160amp\u016bnas 4V1 (250 ml): Universali paskirtis \u2013 puikiai tinka k\u016bno prausimui ir plauk\u0173 plovimui. Malonaus kvapo formul\u0117 palieka od\u0105 gaivi\u0105 ir \u0161vari\u0105. Po dienos darb\u0173 nuplauna ir atgaivina od\u0105, [&hellip;]<\/p>\n","protected":false},"featured_media":18462,"comment_status":"open","ping_status":"closed","template":"","meta":[],"product_cat":[71,75,68,66,74,65,69,63],"product_tag":[106,105,119,107,120,100,109,102,108,101,98,99,121],"_links":{"self":[{"href":"https:\/\/www.dovanupastas.lt\/index.php?rest_route=\/wp\/v2\/product\/18027"}],"collection":[{"href":"https:\/\/www.dovanupastas.lt\/index.php?rest_route=\/wp\/v2\/product"}],"about":[{"href":"https:\/\/www.dovanupastas.lt\/index.php?rest_route=\/wp\/v2\/types\/product"}],"replies":[{"embeddable":true,"href":"https:\/\/www.dovanupastas.lt\/index.php?rest_route=%2Fwp%2Fv2%2Fcomments&post=18027"}],"version-history":[{"count":1,"href":"https:\/\/www.dovanupastas.lt\/index.php?rest_route=\/wp\/v2\/product\/18027\/revisions"}],"predecessor-version":[{"id":18678,"href":"https:\/\/www.dovanupastas.lt\/index.php?rest_route=\/wp\/v2\/product\/18027\/revisions\/18678"}],"wp:featuredmedia":[{"embeddable":true,"href":"https:\/\/www.dovanupastas.lt\/index.php?rest_route=\/wp\/v2\/media\/18462"}],"wp:attachment":[{"href":"https:\/\/www.dovanupastas.lt\/index.php?rest_route=%2Fwp%2Fv2%2Fmedia&parent=18027"}],"wp:term":[{"taxonomy":"product_cat","embeddable":true,"href":"https:\/\/www.dovanupastas.lt\/index.php?rest_route=%2Fwp%2Fv2%2Fproduct_cat&post=18027"},{"taxonomy":"product_tag","embeddable":true,"href":"https:\/\/www.dovanupastas.lt\/index.php?rest_route=%2Fwp%2Fv2%2Fproduct_tag&post=18027"}],"curies":[{"name":"wp","href":"https:\/\/api.w.org\/{rel}","templated":true}]}}