{"id":18022,"date":"2023-11-13T17:22:32","date_gmt":"2023-11-13T14:22:32","guid":{"rendered":"https:\/\/www.dovanupastas.lt\/?post_type=product&#038;p=18022"},"modified":"2024-02-15T10:24:46","modified_gmt":"2024-02-15T07:24:46","slug":"duso-zele-xxl","status":"publish","type":"product","link":"https:\/\/www.dovanupastas.lt\/?product=duso-zele-xxl","title":{"rendered":"Du\u0161o \u017eel\u0117 XXL"},"content":{"rendered":"<p><strong>Du\u0161o \u017del\u0117 XXL su Automobilio Tepalo Buteliuko Imitacija &#8211; 1000 ml<\/strong><\/p>\n<p>Leiskite sau i\u0161skirtin\u012f prausimosi malonum\u0105 su m\u016bs\u0173 didel\u0117s talpos du\u0161o \u017eele, supakuotu \u012f originali\u0105 automobilio tepalo buteliuko imitacij\u0105. \u0160is produktas ne tik u\u017etikrins viso k\u016bno \u0161var\u0105, bet ir privers nusi\u0161ypsoti kiekvien\u0105 vyr\u0105.<\/p>\n<p><strong>Savyb\u0117s:<\/strong><\/p>\n<ul>\n<li><strong>Malonaus Kvapo:\u00a0<\/strong>\u0160i du\u0161o \u017eel\u0117 puikiai kvepia ir paliks ant j\u016bs\u0173 odos nuostab\u0173 kvap\u0105, maloniai atsiskleid\u017eiant\u012f po dienos darb\u0173 ar intensyvi\u0173 veikl\u0173.<\/li>\n<li><strong>Didel\u0117s Talpos &#8211; 1000 ml:\u00a0<\/strong>Tai yra itin didel\u0117s talpos du\u0161o \u017eel\u0117, kuri u\u017etikrins ilgalaik\u012f naudojim\u0105 ir patenkinam\u0105 odos prie\u017ei\u016br\u0105.<\/li>\n<li><strong>Odos Apsauga:\u00a0<\/strong>Formul\u0117je esantys ingredientai padeda apsaugoti od\u0105 nuo i\u0161saus\u0117jimo, paliekant j\u0105 mink\u0161t\u0105 ir \u0161velni\u0105.<\/li>\n<li><strong>Automobilio Tepalo Buteliuko Imitacija:\u00a0<\/strong>Originalus ir linksmas dizainas privers nusi\u0161ypsoti ir suteiks unikalumo poj\u016bt\u012f kasdieniam prausimuisi.<\/li>\n<\/ul>\n<p><strong>Naudojimas:\u00a0<\/strong>U\u017etepkite nedidel\u012f kiek\u012f du\u0161o \u017eel\u0117s ant \u0161luost\u0117s arba tiesiog ant dr\u0117gnos odos. \u0160velniai masa\u017euokite ir kruop\u0161\u010diai nuplaukite gausiu vandeniu. Tinka kasdieniam naudojimui.<\/p>\n<p><strong>Pastaba:\u00a0<\/strong>Automobilio tepalo buteliuko imitacija yra puiki detal\u0117, kuri prideda \u017eavumo ir originalumo j\u016bs\u0173 du\u0161o rutinai.<\/p>\n","protected":false},"excerpt":{"rendered":"<p>Du\u0161o \u017del\u0117 XXL su Automobilio Tepalo Buteliuko Imitacija &#8211; 1000 ml Leiskite sau i\u0161skirtin\u012f prausimosi malonum\u0105 su m\u016bs\u0173 didel\u0117s talpos du\u0161o \u017eele, supakuotu \u012f originali\u0105 automobilio tepalo buteliuko imitacij\u0105. \u0160is produktas ne tik u\u017etikrins viso k\u016bno \u0161var\u0105, bet ir privers nusi\u0161ypsoti kiekvien\u0105 vyr\u0105. Savyb\u0117s: Malonaus Kvapo:\u00a0\u0160i du\u0161o \u017eel\u0117 puikiai kvepia ir paliks ant j\u016bs\u0173 odos [&hellip;]<\/p>\n","protected":false},"featured_media":18456,"comment_status":"open","ping_status":"closed","template":"","meta":[],"product_cat":[71,75,68,66,74,65,69,63],"product_tag":[106,105,119,107,120,100,109,102,108,101,98,121],"_links":{"self":[{"href":"https:\/\/www.dovanupastas.lt\/index.php?rest_route=\/wp\/v2\/product\/18022"}],"collection":[{"href":"https:\/\/www.dovanupastas.lt\/index.php?rest_route=\/wp\/v2\/product"}],"about":[{"href":"https:\/\/www.dovanupastas.lt\/index.php?rest_route=\/wp\/v2\/types\/product"}],"replies":[{"embeddable":true,"href":"https:\/\/www.dovanupastas.lt\/index.php?rest_route=%2Fwp%2Fv2%2Fcomments&post=18022"}],"version-history":[{"count":1,"href":"https:\/\/www.dovanupastas.lt\/index.php?rest_route=\/wp\/v2\/product\/18022\/revisions"}],"predecessor-version":[{"id":18676,"href":"https:\/\/www.dovanupastas.lt\/index.php?rest_route=\/wp\/v2\/product\/18022\/revisions\/18676"}],"wp:featuredmedia":[{"embeddable":true,"href":"https:\/\/www.dovanupastas.lt\/index.php?rest_route=\/wp\/v2\/media\/18456"}],"wp:attachment":[{"href":"https:\/\/www.dovanupastas.lt\/index.php?rest_route=%2Fwp%2Fv2%2Fmedia&parent=18022"}],"wp:term":[{"taxonomy":"product_cat","embeddable":true,"href":"https:\/\/www.dovanupastas.lt\/index.php?rest_route=%2Fwp%2Fv2%2Fproduct_cat&post=18022"},{"taxonomy":"product_tag","embeddable":true,"href":"https:\/\/www.dovanupastas.lt\/index.php?rest_route=%2Fwp%2Fv2%2Fproduct_tag&post=18022"}],"curies":[{"name":"wp","href":"https:\/\/api.w.org\/{rel}","templated":true}]}}