{"id":18016,"date":"2023-11-13T17:08:40","date_gmt":"2023-11-13T14:08:40","guid":{"rendered":"https:\/\/www.dovanupastas.lt\/?post_type=product&#038;p=18016"},"modified":"2024-07-09T08:09:34","modified_gmt":"2024-07-09T05:09:34","slug":"duso-zele-su-alaus-mielemis-ir-apyniu-ekstraktais-200-ml","status":"publish","type":"product","link":"https:\/\/www.dovanupastas.lt\/?product=duso-zele-su-alaus-mielemis-ir-apyniu-ekstraktais-200-ml","title":{"rendered":"Du\u0161o \u017eel\u0117 su alaus miel\u0117mis ir apyni\u0173 ekstraktais"},"content":{"rendered":"<p><strong>Alaus Miel\u0173 ir Apyni\u0173 Du\u0161o \u017del\u0117 &#8211; 200 ml<\/strong><\/p>\n<p>M\u0117gaukit\u0117s unikalia du\u0161o patirtimi su m\u016bs\u0173 alaus mieli\u0173 ir apyni\u0173 ekstrakt\u0173 praturtinta du\u0161o \u017eele. \u0160i r\u016bpestingai sukurta formul\u0117 su alaus mieli\u0173 baltymais ir paprast\u0173j\u0173 apyni\u0173 ekstraktais pasi\u017eymi ne tik maloniu kvapu, bet ir puikiomis dr\u0117kinamosiomis savyb\u0117mis.<\/p>\n<p><strong>Savyb\u0117s:<\/strong><\/p>\n<ul>\n<li><strong>Dr\u0117kinantis Poveikis:\u00a0<\/strong>Auk\u0161tos kokyb\u0117s alaus miel\u0117s ir apyni\u0173 ekstraktai suteikia j\u016bs\u0173 odai intensyv\u0173 dr\u0117kinam\u0105j\u012f efekt\u0105.<\/li>\n<li><strong>Antiseptin\u0117 Formul\u0117:\u00a0<\/strong>Baltymai \u0161velniai r\u016bpinasi odos b\u016bkle, u\u017etikrindami kruop\u0161t\u0173 ir \u0161veln\u0173 odos plovim\u0105.<\/li>\n<li><strong>Subalansuotas pH:\u00a0<\/strong>M\u016bs\u0173 du\u0161o \u017eel\u0117s formul\u0117 subalansuota pagal nat\u016bral\u0173 odos pH, taip u\u017etikrinant optimali\u0105 odos sveikat\u0105.<\/li>\n<\/ul>\n<p><strong>Naudojimas:\u00a0<\/strong>U\u017etep\u0117kite nedidel\u012f kiek\u012f du\u0161o \u017eel\u0117s ant \u0161luost\u0117s ar tiesiog ant odos, masa\u017euokite ir nuplaukite gausiu vandeniu. Tinkama kasdieniam naudojimui.<\/p>\n<p><strong>T\u016bris: 200 ml<\/strong><\/p>\n<p>M\u016bs\u0173 alaus mieli\u0173 ir apyni\u0173 du\u0161o \u017eel\u0117 yra unikalus produktas, kuris ne tik suteiks jums maloni\u0105 du\u0161o patirt\u012f, bet ir r\u016bpinsis j\u016bs\u0173 odos sveikata kiekvien\u0105 dien\u0105. Patirkite nat\u016bralias gro\u017eio galimybes su m\u016bs\u0173 unikaliu du\u0161o \u017eele!<\/p>\n","protected":false},"excerpt":{"rendered":"<p>Alaus Miel\u0173 ir Apyni\u0173 Du\u0161o \u017del\u0117 &#8211; 200 ml M\u0117gaukit\u0117s unikalia du\u0161o patirtimi su m\u016bs\u0173 alaus mieli\u0173 ir apyni\u0173 ekstrakt\u0173 praturtinta du\u0161o \u017eele. \u0160i r\u016bpestingai sukurta formul\u0117 su alaus mieli\u0173 baltymais ir paprast\u0173j\u0173 apyni\u0173 ekstraktais pasi\u017eymi ne tik maloniu kvapu, bet ir puikiomis dr\u0117kinamosiomis savyb\u0117mis. Savyb\u0117s: Dr\u0117kinantis Poveikis:\u00a0Auk\u0161tos kokyb\u0117s alaus miel\u0117s ir apyni\u0173 ekstraktai suteikia [&hellip;]<\/p>\n","protected":false},"featured_media":18452,"comment_status":"open","ping_status":"closed","template":"","meta":[],"product_cat":[71,75,103,68,62,66,74,65,69,63],"product_tag":[106,105,97,100,109,102,101,98],"_links":{"self":[{"href":"https:\/\/www.dovanupastas.lt\/index.php?rest_route=\/wp\/v2\/product\/18016"}],"collection":[{"href":"https:\/\/www.dovanupastas.lt\/index.php?rest_route=\/wp\/v2\/product"}],"about":[{"href":"https:\/\/www.dovanupastas.lt\/index.php?rest_route=\/wp\/v2\/types\/product"}],"replies":[{"embeddable":true,"href":"https:\/\/www.dovanupastas.lt\/index.php?rest_route=%2Fwp%2Fv2%2Fcomments&post=18016"}],"version-history":[{"count":1,"href":"https:\/\/www.dovanupastas.lt\/index.php?rest_route=\/wp\/v2\/product\/18016\/revisions"}],"predecessor-version":[{"id":18673,"href":"https:\/\/www.dovanupastas.lt\/index.php?rest_route=\/wp\/v2\/product\/18016\/revisions\/18673"}],"wp:featuredmedia":[{"embeddable":true,"href":"https:\/\/www.dovanupastas.lt\/index.php?rest_route=\/wp\/v2\/media\/18452"}],"wp:attachment":[{"href":"https:\/\/www.dovanupastas.lt\/index.php?rest_route=%2Fwp%2Fv2%2Fmedia&parent=18016"}],"wp:term":[{"taxonomy":"product_cat","embeddable":true,"href":"https:\/\/www.dovanupastas.lt\/index.php?rest_route=%2Fwp%2Fv2%2Fproduct_cat&post=18016"},{"taxonomy":"product_tag","embeddable":true,"href":"https:\/\/www.dovanupastas.lt\/index.php?rest_route=%2Fwp%2Fv2%2Fproduct_tag&post=18016"}],"curies":[{"name":"wp","href":"https:\/\/api.w.org\/{rel}","templated":true}]}}