{"id":18012,"date":"2023-11-13T17:00:42","date_gmt":"2023-11-13T14:00:42","guid":{"rendered":"https:\/\/www.dovanupastas.lt\/?post_type=product&#038;p=18012"},"modified":"2024-02-15T10:20:26","modified_gmt":"2024-02-15T07:20:26","slug":"duso-zele-men-500","status":"publish","type":"product","link":"https:\/\/www.dovanupastas.lt\/?product=duso-zele-men-500","title":{"rendered":"Du\u0161o \u017eel\u0117 MEN-500"},"content":{"rendered":"<p><strong>Malonaus Kvapo Du\u0161o \u017del\u0117 &#8211; 500 ml<\/strong><\/p>\n<p>Leiskite sau pasilepinti didel\u0117s talpos (500 ml) MAN-500 malonaus kvapo du\u0161o \u017eele, sukurtu specialiai visam k\u016bnui pri\u017ei\u016br\u0117ti. \u0160is universalus produktas ne tik prausia od\u0105, bet ir apsaugo nuo i\u0161saus\u0117jimo, paliekant j\u0105 gaivi\u0105 ir \u0161velni\u0105. Tai puikus b\u016bdas atgaivinti od\u0105 po ilg\u0173 dienos darb\u0173.<\/p>\n<p><strong>Savyb\u0117s:<\/strong><\/p>\n<ul>\n<li><strong>Malonus Kvapas:\u00a0<\/strong>M\u0117gaukit\u0117s subtiliu ir maloniu kvapu, kuris ne tik privers jus nusi\u0161ypsoti, bet ir suteiks jums atgaivos poj\u016bt\u012f.<\/li>\n<li><strong>Didel\u0117 Talpa:\u00a0<\/strong>500 ml buteliuko talpa u\u017etikrina ilgalaik\u012f produkto naudojim\u0105, tod\u0117l j\u016bs galite ilgai m\u0117gautis \u0161ia malonum\u0173 doze.<\/li>\n<li><strong>Dr\u0117kinanti Formul\u0117:\u00a0<\/strong>Oda apsaugota nuo i\u0161saus\u0117jimo d\u0117ka dr\u0117kinan\u010dios formul\u0117s, kuri palieka od\u0105 mink\u0161t\u0105 ir elasting\u0105.<\/li>\n<li><strong>Automobilio Tepalo Buteliuko Imitacija:\u00a0<\/strong>Originalus ir smagus dizainas, primenantis automobilio tepal\u0173 buteliuk1, suteikia produktui humoro akcent\u0105 ir privers nusi\u0161ypsoti kiekvien\u0105 vyr\u0105.<\/li>\n<\/ul>\n<p><strong>Naudojimas:\u00a0<\/strong>U\u017etep\u0117kite nedidel\u012f kiek\u012f Helik Du\u0161o \u017del\u0117s ant \u0161luost\u0117s arba tiesiog ant odos, masa\u017euokite ir nuplaukite gausiu vandeniu. Puikiai tinka kasdieniam naudojimui.<\/p>\n<p><strong>Originalus Vyri\u0161kumo Akcentas:\u00a0<\/strong>Automobilio tepal\u0173 buteliuko imitacija privers nusi\u0161ypsoti kiekvien\u0105 vyr\u0105, suteikianti produkto naudojimui smag\u0173 ir unikal\u0173 poj\u016bt\u012f.<\/p>\n<p>Leiskite MAN-500 malonaus kvapo du\u0161o \u017eelei \u012ftraukti Jus \u012f ypating\u0105 k\u016bno prie\u017ei\u016bros ritual\u0105 ir suteikti jums dienos pabaigoje nuostab\u0173 poj\u016bt\u012f!<\/p>\n","protected":false},"excerpt":{"rendered":"<p>Malonaus Kvapo Du\u0161o \u017del\u0117 &#8211; 500 ml Leiskite sau pasilepinti didel\u0117s talpos (500 ml) MAN-500 malonaus kvapo du\u0161o \u017eele, sukurtu specialiai visam k\u016bnui pri\u017ei\u016br\u0117ti. \u0160is universalus produktas ne tik prausia od\u0105, bet ir apsaugo nuo i\u0161saus\u0117jimo, paliekant j\u0105 gaivi\u0105 ir \u0161velni\u0105. Tai puikus b\u016bdas atgaivinti od\u0105 po ilg\u0173 dienos darb\u0173. Savyb\u0117s: Malonus Kvapas:\u00a0M\u0117gaukit\u0117s subtiliu ir [&hellip;]<\/p>\n","protected":false},"featured_media":18448,"comment_status":"open","ping_status":"closed","template":"","meta":[],"product_cat":[71,75,103,68,62,66,74,65,69,63],"product_tag":[107,100,109,102,108,101,98],"_links":{"self":[{"href":"https:\/\/www.dovanupastas.lt\/index.php?rest_route=\/wp\/v2\/product\/18012"}],"collection":[{"href":"https:\/\/www.dovanupastas.lt\/index.php?rest_route=\/wp\/v2\/product"}],"about":[{"href":"https:\/\/www.dovanupastas.lt\/index.php?rest_route=\/wp\/v2\/types\/product"}],"replies":[{"embeddable":true,"href":"https:\/\/www.dovanupastas.lt\/index.php?rest_route=%2Fwp%2Fv2%2Fcomments&post=18012"}],"version-history":[{"count":1,"href":"https:\/\/www.dovanupastas.lt\/index.php?rest_route=\/wp\/v2\/product\/18012\/revisions"}],"predecessor-version":[{"id":18671,"href":"https:\/\/www.dovanupastas.lt\/index.php?rest_route=\/wp\/v2\/product\/18012\/revisions\/18671"}],"wp:featuredmedia":[{"embeddable":true,"href":"https:\/\/www.dovanupastas.lt\/index.php?rest_route=\/wp\/v2\/media\/18448"}],"wp:attachment":[{"href":"https:\/\/www.dovanupastas.lt\/index.php?rest_route=%2Fwp%2Fv2%2Fmedia&parent=18012"}],"wp:term":[{"taxonomy":"product_cat","embeddable":true,"href":"https:\/\/www.dovanupastas.lt\/index.php?rest_route=%2Fwp%2Fv2%2Fproduct_cat&post=18012"},{"taxonomy":"product_tag","embeddable":true,"href":"https:\/\/www.dovanupastas.lt\/index.php?rest_route=%2Fwp%2Fv2%2Fproduct_tag&post=18012"}],"curies":[{"name":"wp","href":"https:\/\/api.w.org\/{rel}","templated":true}]}}