{"id":18006,"date":"2023-11-13T16:34:02","date_gmt":"2023-11-13T13:34:02","guid":{"rendered":"https:\/\/www.dovanupastas.lt\/?post_type=product&#038;p=18006"},"modified":"2024-11-29T00:08:09","modified_gmt":"2024-11-28T21:08:09","slug":"duso-zele-beer-spa-250-ml","status":"publish","type":"product","link":"https:\/\/www.dovanupastas.lt\/?product=duso-zele-beer-spa-250-ml","title":{"rendered":"Du\u0161o \u017eel\u0117 Beer Spa, 250 ml"},"content":{"rendered":"<p><strong>Alaus Mieli\u0173 ir Apyni\u0173 Ekstrakto Du\u0161o \u017del\u0117 &#8211; 250 ml<\/strong><\/p>\n<p>M\u016bs\u0173 du\u0161o \u017eel\u0117, praturtinta alaus mieli\u0173 ir paprast\u0173j\u0173 apyni\u0173 ekstraktais, yra sukurtas siekiant suteikti jums ne tik malonius kvapus du\u0161o metu, bet ir \u0161velniai odos prie\u017ei\u016brai.<\/p>\n<p><strong>Savyb\u0117s:<\/strong><\/p>\n<ul>\n<li><strong>Dr\u0117kinamasis ir Antiseptinis Poveikis:\u00a0<\/strong>Alaus miel\u0117s ir apyni\u0173 ekstraktai su baltymais suteikia dr\u0117kinam\u0105j\u012f ir antiseptin\u012f poveik\u012f j\u016bs\u0173 odai, paliekant j\u0105 gaivi\u0105 ir \u0161velni\u0105.<\/li>\n<li><strong>Auk\u0161tos Kokyb\u0117s Ingredientai:\u00a0<\/strong>\u0160i du\u0161o \u017eel\u0117 yra pagaminta i\u0161 auk\u0161tos kokyb\u0117s ingredient\u0173, u\u017etikrinan\u010di\u0173 ne tik \u0161var\u0105, bet ir subalansuot\u0105 odos prie\u017ei\u016br\u0105.<\/li>\n<li><strong>\u0160velnus Odos Prausimas:\u00a0<\/strong>Produktas suteikia \u0161veln\u0173 odos prausim\u0105, i\u0161laikant nat\u016bral\u0173 jos pH balans\u0105.<\/li>\n<li><strong>Dermatolog\u0173 Patikrinta:\u00a0<\/strong>Produktas buvo patikrintas dermatolog\u0173, tod\u0117l j\u016bs galite jaustis tikri, kad r\u016bpinat\u0117s savo oda kokybi\u0161kais produktais.<\/li>\n<\/ul>\n<p><strong>Naudojimas:\u00a0<\/strong>U\u017etepkite nedidel\u012f kiek\u012f du\u0161o \u017eel\u0117s ant dr\u0117gnos odos ar \u0161luost\u0117s, \u0161velniai masa\u017euokite ir nuplaukite gausiu vandeniu. Tinka kasdieniam naudojimui.<\/p>\n<p>Leiskite Alaus Mieli\u0173 ir Apyni\u0173 Ekstrakto Du\u0161o \u017del\u0117i prabudinti j\u016bs\u0173 poj\u016b\u010dius ir pasi\u016blyti malonum\u0105 kiekvien\u0105 kart\u0105, kai prausiat\u0117s!<\/p>\n","protected":false},"excerpt":{"rendered":"<p>Alaus Mieli\u0173 ir Apyni\u0173 Ekstrakto Du\u0161o \u017del\u0117 &#8211; 250 ml M\u016bs\u0173 du\u0161o \u017eel\u0117, praturtinta alaus mieli\u0173 ir paprast\u0173j\u0173 apyni\u0173 ekstraktais, yra sukurtas siekiant suteikti jums ne tik malonius kvapus du\u0161o metu, bet ir \u0161velniai odos prie\u017ei\u016brai. Savyb\u0117s: Dr\u0117kinamasis ir Antiseptinis Poveikis:\u00a0Alaus miel\u0117s ir apyni\u0173 ekstraktai su baltymais suteikia dr\u0117kinam\u0105j\u012f ir antiseptin\u012f poveik\u012f j\u016bs\u0173 odai, paliekant [&hellip;]<\/p>\n","protected":false},"featured_media":18444,"comment_status":"open","ping_status":"closed","template":"","meta":[],"product_cat":[71,75,103,68,62,66,74,65,69,63],"product_tag":[106,105,100,102,101,98],"_links":{"self":[{"href":"https:\/\/www.dovanupastas.lt\/index.php?rest_route=\/wp\/v2\/product\/18006"}],"collection":[{"href":"https:\/\/www.dovanupastas.lt\/index.php?rest_route=\/wp\/v2\/product"}],"about":[{"href":"https:\/\/www.dovanupastas.lt\/index.php?rest_route=\/wp\/v2\/types\/product"}],"replies":[{"embeddable":true,"href":"https:\/\/www.dovanupastas.lt\/index.php?rest_route=%2Fwp%2Fv2%2Fcomments&post=18006"}],"version-history":[{"count":1,"href":"https:\/\/www.dovanupastas.lt\/index.php?rest_route=\/wp\/v2\/product\/18006\/revisions"}],"predecessor-version":[{"id":18668,"href":"https:\/\/www.dovanupastas.lt\/index.php?rest_route=\/wp\/v2\/product\/18006\/revisions\/18668"}],"wp:featuredmedia":[{"embeddable":true,"href":"https:\/\/www.dovanupastas.lt\/index.php?rest_route=\/wp\/v2\/media\/18444"}],"wp:attachment":[{"href":"https:\/\/www.dovanupastas.lt\/index.php?rest_route=%2Fwp%2Fv2%2Fmedia&parent=18006"}],"wp:term":[{"taxonomy":"product_cat","embeddable":true,"href":"https:\/\/www.dovanupastas.lt\/index.php?rest_route=%2Fwp%2Fv2%2Fproduct_cat&post=18006"},{"taxonomy":"product_tag","embeddable":true,"href":"https:\/\/www.dovanupastas.lt\/index.php?rest_route=%2Fwp%2Fv2%2Fproduct_tag&post=18006"}],"curies":[{"name":"wp","href":"https:\/\/api.w.org\/{rel}","templated":true}]}}