{"id":17993,"date":"2023-11-13T16:09:55","date_gmt":"2023-11-13T13:09:55","guid":{"rendered":"https:\/\/www.dovanupastas.lt\/?post_type=product&#038;p=17993"},"modified":"2024-02-15T10:16:18","modified_gmt":"2024-02-15T07:16:18","slug":"dovanu-rinkinys-alaus-spa-mini","status":"publish","type":"product","link":"https:\/\/www.dovanupastas.lt\/?product=dovanu-rinkinys-alaus-spa-mini","title":{"rendered":"Dovan\u0173 rinkinys Alaus Spa MINI"},"content":{"rendered":"<p><strong>Alaus SPA Dovan\u0173 Rinkinys:\u00a0<\/strong><\/p>\n<p>Leiskite sau m\u0117gautis unikalia Alaus SPA patirtimi namuose su \u0161iuo ypatingu dovan\u0173 rinkiniu. Kiekvienas produktas yra specialiai sukurtas su alaus miel\u0117mis ir apyniais, suteikiantis ne tik malon\u0173 kvap\u0105, bet ir puikiai prie\u017ei\u016brai odai ir plaukams.<\/p>\n<p><strong>Du\u0161o \u017del\u0117 su Alaus Miel\u0117mis ir Apyni\u0173 Ekstraktais (100 ml):<\/strong><\/p>\n<ul>\n<li>Pagaminta pagal \u0161iuolaikin\u0119 recept\u016br\u0105, naudojant alaus mieles ir apynius.<\/li>\n<li>Dr\u0117kina od\u0105, veikia kaip antiseptikas.<\/li>\n<li>Praturtinta lipidais, kurie pasi\u017eymi atstatomosiomis, dr\u0117kinamosiomis, antibakterin\u0117mis savyb\u0117mis.<\/li>\n<li>Sud\u0117tyje yra vitamin\u0173 ir baltym\u0173.<\/li>\n<li>Subalansuotas pH ir efektyvus ekstrakt\u0173 derinys garantuoja tobul\u0105 prausim\u0105si ir odos prie\u017ei\u016br\u0105.<\/li>\n<\/ul>\n<p><strong>\u0160amp\u016bnas su Alaus Miel\u0117mis ir Apyni\u0173 Ekstraktais (100 ml):<\/strong><\/p>\n<ul>\n<li>Praturtintas alaus miel\u0117mis ir paprastaisiais apyniais, suteikiantis dr\u0117kinam\u0105j\u012f poveik\u012f.<\/li>\n<li>Baltymai ir vitaminai teigiamai veikia plaukus ir galvos od\u0105.<\/li>\n<li>Subalansuotas pH ir efektyvus ekstrakt\u0173 derinys garantuoja kruop\u0161t\u0173 ir \u0161veln\u0173 vis\u0173 tip\u0173 plauk\u0173 plovim\u0105.<\/li>\n<li>I\u0161plauti plaukai bus lengviau su\u0161ukuojami, \u0161ilkiniai ir blizg\u016bs.<\/li>\n<\/ul>\n<p><strong>Rank\u0173 Darbo Muilas &#8220;Alaus Bokalas&#8221; (70 g):<\/strong><\/p>\n<ul>\n<li>Alaus bokalo formos muilas su glicerinu, alaus mieli\u0173 ekstraktu ir apyniais.<\/li>\n<li>\u0160velnus ir efektyvus prausiklis, apsaugantis rank\u0173 bei viso k\u016bno od\u0105 nuo i\u0161saus\u0117jimo.<\/li>\n<\/ul>\n<p><strong>Dovan\u0173 Rinkinys Alaus SPA &#8211; Originali Dovana Kiekvienam.<\/strong><\/p>\n","protected":false},"excerpt":{"rendered":"<p>Alaus SPA Dovan\u0173 Rinkinys:\u00a0 Leiskite sau m\u0117gautis unikalia Alaus SPA patirtimi namuose su \u0161iuo ypatingu dovan\u0173 rinkiniu. Kiekvienas produktas yra specialiai sukurtas su alaus miel\u0117mis ir apyniais, suteikiantis ne tik malon\u0173 kvap\u0105, bet ir puikiai prie\u017ei\u016brai odai ir plaukams. Du\u0161o \u017del\u0117 su Alaus Miel\u0117mis ir Apyni\u0173 Ekstraktais (100 ml): Pagaminta pagal \u0161iuolaikin\u0119 recept\u016br\u0105, naudojant alaus [&hellip;]<\/p>\n","protected":false},"featured_media":18442,"comment_status":"open","ping_status":"closed","template":"","meta":[],"product_cat":[71,75,103,68,66,74,65,69,63],"product_tag":[97,100,102,101,96,98,99],"_links":{"self":[{"href":"https:\/\/www.dovanupastas.lt\/index.php?rest_route=\/wp\/v2\/product\/17993"}],"collection":[{"href":"https:\/\/www.dovanupastas.lt\/index.php?rest_route=\/wp\/v2\/product"}],"about":[{"href":"https:\/\/www.dovanupastas.lt\/index.php?rest_route=\/wp\/v2\/types\/product"}],"replies":[{"embeddable":true,"href":"https:\/\/www.dovanupastas.lt\/index.php?rest_route=%2Fwp%2Fv2%2Fcomments&post=17993"}],"version-history":[{"count":2,"href":"https:\/\/www.dovanupastas.lt\/index.php?rest_route=\/wp\/v2\/product\/17993\/revisions"}],"predecessor-version":[{"id":18666,"href":"https:\/\/www.dovanupastas.lt\/index.php?rest_route=\/wp\/v2\/product\/17993\/revisions\/18666"}],"wp:featuredmedia":[{"embeddable":true,"href":"https:\/\/www.dovanupastas.lt\/index.php?rest_route=\/wp\/v2\/media\/18442"}],"wp:attachment":[{"href":"https:\/\/www.dovanupastas.lt\/index.php?rest_route=%2Fwp%2Fv2%2Fmedia&parent=17993"}],"wp:term":[{"taxonomy":"product_cat","embeddable":true,"href":"https:\/\/www.dovanupastas.lt\/index.php?rest_route=%2Fwp%2Fv2%2Fproduct_cat&post=17993"},{"taxonomy":"product_tag","embeddable":true,"href":"https:\/\/www.dovanupastas.lt\/index.php?rest_route=%2Fwp%2Fv2%2Fproduct_tag&post=17993"}],"curies":[{"name":"wp","href":"https:\/\/api.w.org\/{rel}","templated":true}]}}