{"id":17958,"date":"2023-11-08T16:20:07","date_gmt":"2023-11-08T13:20:07","guid":{"rendered":"https:\/\/www.dovanupastas.lt\/?post_type=product&#038;p=17958"},"modified":"2024-02-15T10:15:09","modified_gmt":"2024-02-15T07:15:09","slug":"dovanu-rinkinys-duso-zele-vyrams","status":"publish","type":"product","link":"https:\/\/www.dovanupastas.lt\/?product=dovanu-rinkinys-duso-zele-vyrams","title":{"rendered":"Dovan\u0173 rinkinys &#8211; du\u0161o \u017eel\u0117 vyrams"},"content":{"rendered":"<p><strong>Du\u0161o \u017del\u0117 Rinkinys Vyrams &#8211; Automobilio Tepal\u0173 Buteliuk\u0173 Imitacija<\/strong><\/p>\n<p>Leiskite mums pristatyti ypating\u0105 Du\u0161o \u017del\u0117s Rinkin\u012f Vyrams su Automobilio Tepal\u0173 Buteliuk\u0173 Imitacija &#8211; tai ne tik puiki dovana, bet ir funkcionalus bei i\u0161skirtinis k\u016bno prie\u017ei\u016bros rinkinys, kuris nepaliks abejingo nei vieno tikro vyro!<\/p>\n<p><strong>Rinkinio Sud\u0117tis:<\/strong><\/p>\n<ol>\n<li><strong>Automobilio Tepal\u0173 Buteliuko Imitacija su Helik Du\u0161o \u017dele &#8211; 250 ml<\/strong>\n<p>Originalus ir smagus dizainas, primenantis automobilio tepal\u0173 buteliuk\u0105, suteiks produktui humoro akcent\u0105 ir privers nusi\u0161ypsoti kiekvien\u0105 vyr\u0105. Helik Du\u0161o \u017del\u0117 &#8211; tai ne tik malonaus kvapo produktas, bet ir i\u0161skirtin\u0117 dovana.<\/li>\n<li><strong>Du\u0161o \u017del\u0117 &#8220;Helik&#8221; &#8211; 250 ml<\/strong>\n<p>Malonaus kvapo du\u0161o \u017eel\u0117 \u0161velniai prausia od\u0105 ir tuo pa\u010diu apsaugo nuo i\u0161saus\u0117jimo. Subtilus kvapas ir kruop\u0161tus plovimas u\u017etikrina, kad kiekvienas du\u0161o metas b\u016bt\u0173 i\u0161skirtinis malonumo ir \u0161varos poj\u016btis.<\/li>\n<li><strong>Du\u0161o \u017del\u0117\/\u0160amp\u016bnas 4V1 &#8211; 250 ml<\/strong>\n<p>Universalaus tipo du\u0161o \u017eel\u0117 ir \u0161amp\u016bnas, skirtas tiek k\u016bno prausimui, tiek plauk\u0173 plovimui. Patogus 4v1 produktas leis jums sutaupyti laiko ir patirti i\u0161skirtin\u012f \u0161varumo jausm\u0105.<\/li>\n<\/ol>\n<p><strong>Originali Dovana Vyrams:\u00a0<\/strong>\u0160is rinkinys yra ne tik prakti\u0161kas, bet ir smagus, puikiai tinka kaip dovana visiems vyrams. Su Helik Du\u0161o \u017del\u0117s Rinkiniu Vyrams suteikite ypating\u0105 prie\u017ei\u016br\u0105 ir malonum\u0105 kiekvien\u0105 dien\u0105!<\/p>\n<p>Leiskite \u0161iam rinkiniui pabr\u0117\u017eti tikr\u0105j\u012f vyri\u0161kum\u0105 kasdienyb\u0117je!<\/p>\n","protected":false},"excerpt":{"rendered":"<p>Du\u0161o \u017del\u0117 Rinkinys Vyrams &#8211; Automobilio Tepal\u0173 Buteliuk\u0173 Imitacija Leiskite mums pristatyti ypating\u0105 Du\u0161o \u017del\u0117s Rinkin\u012f Vyrams su Automobilio Tepal\u0173 Buteliuk\u0173 Imitacija &#8211; tai ne tik puiki dovana, bet ir funkcionalus bei i\u0161skirtinis k\u016bno prie\u017ei\u016bros rinkinys, kuris nepaliks abejingo nei vieno tikro vyro! Rinkinio Sud\u0117tis: Automobilio Tepal\u0173 Buteliuko Imitacija su Helik Du\u0161o \u017dele &#8211; 250 [&hellip;]<\/p>\n","protected":false},"featured_media":18440,"comment_status":"open","ping_status":"closed","template":"","meta":[],"product_cat":[71,75,103,68,74,63],"product_tag":[100,102,101,96,98,99],"_links":{"self":[{"href":"https:\/\/www.dovanupastas.lt\/index.php?rest_route=\/wp\/v2\/product\/17958"}],"collection":[{"href":"https:\/\/www.dovanupastas.lt\/index.php?rest_route=\/wp\/v2\/product"}],"about":[{"href":"https:\/\/www.dovanupastas.lt\/index.php?rest_route=\/wp\/v2\/types\/product"}],"replies":[{"embeddable":true,"href":"https:\/\/www.dovanupastas.lt\/index.php?rest_route=%2Fwp%2Fv2%2Fcomments&post=17958"}],"version-history":[{"count":2,"href":"https:\/\/www.dovanupastas.lt\/index.php?rest_route=\/wp\/v2\/product\/17958\/revisions"}],"predecessor-version":[{"id":18665,"href":"https:\/\/www.dovanupastas.lt\/index.php?rest_route=\/wp\/v2\/product\/17958\/revisions\/18665"}],"wp:featuredmedia":[{"embeddable":true,"href":"https:\/\/www.dovanupastas.lt\/index.php?rest_route=\/wp\/v2\/media\/18440"}],"wp:attachment":[{"href":"https:\/\/www.dovanupastas.lt\/index.php?rest_route=%2Fwp%2Fv2%2Fmedia&parent=17958"}],"wp:term":[{"taxonomy":"product_cat","embeddable":true,"href":"https:\/\/www.dovanupastas.lt\/index.php?rest_route=%2Fwp%2Fv2%2Fproduct_cat&post=17958"},{"taxonomy":"product_tag","embeddable":true,"href":"https:\/\/www.dovanupastas.lt\/index.php?rest_route=%2Fwp%2Fv2%2Fproduct_tag&post=17958"}],"curies":[{"name":"wp","href":"https:\/\/api.w.org\/{rel}","templated":true}]}}