{"id":12,"date":"2023-10-20T08:24:48","date_gmt":"2023-10-20T05:24:48","guid":{"rendered":"https:\/\/www.dovanupastas.lt\/index.php\/cart\/"},"modified":"2023-10-22T21:34:50","modified_gmt":"2023-10-22T18:34:50","slug":"cart","status":"publish","type":"page","link":"https:\/\/www.dovanupastas.lt\/?page_id=12","title":{"rendered":"Krep\u0161elis"},"content":{"rendered":"<div class=\"woocommerce\"><div class=\"woocommerce-notices-wrapper\"><\/div>\n<h5 class=\"shopping-cart-title\">Krep\u0161elis<\/h5>\n\n<form class=\"woocommerce-cart-form\" action=\"https:\/\/www.dovanupastas.lt\/?page_id=12\" method=\"post\">\n\n\n<table class=\"shop_table shop_table_responsive cart woocommerce-cart-form__contents\" cellspacing=\"0\">\n    <thead>\n        <tr>\n            <th class=\"product-remove\"><span class=\"screen-reader-text\">&nbsp;<\/span><\/th>\n            <th class=\"product-thumbnail\"><span class=\"screen-reader-text\">Image<\/span><\/th>\n            <th class=\"product-name\">Produktas<\/th>\n            <th class=\"product-price\">Kaina<\/th>\n            <th class=\"product-quantity\">Kiekis\n<\/th>\n            <th class=\"product-subtotal\">Viso<\/th>\n        <\/tr>\n    <\/thead>\n    <tbody>\n        \n                        <tr class=\"woocommerce-cart-form__cart-item cart_item\">\n\n                    <td class=\"product-remove\">\n                        <a href=\"https:\/\/www.dovanupastas.lt\/?page_id=12&#038;remove_item=f92fe1b356f8d46532a4c1b358dcbfa6&#038;_wpnonce=e1aaf60b1d\" class=\"remove\" aria-label=\"Remove Du\u0161o \u017eel\u0117 Vyno Spa from cart\" data-product_id=\"18020\" data-product_sku=\"zelevynospa\">&times;<\/a>                    <\/td>\n\n                    <td class=\"product-thumbnail\">\n                        <a href=\"https:\/\/www.dovanupastas.lt\/?product=duso-zele-vyno-spa\"><img fetchpriority=\"high\" decoding=\"async\" width=\"300\" height=\"300\" src=\"https:\/\/www.dovanupastas.lt\/wp-content\/uploads\/2023\/11\/duso-zele-vyno-spa-300x300.jpg\" class=\"attachment-woocommerce_thumbnail size-woocommerce_thumbnail\" alt=\"duso zele vyno spa\" srcset=\"https:\/\/www.dovanupastas.lt\/wp-content\/uploads\/2023\/11\/duso-zele-vyno-spa-300x300.jpg 300w, https:\/\/www.dovanupastas.lt\/wp-content\/uploads\/2023\/11\/duso-zele-vyno-spa-150x150.jpg 150w, https:\/\/www.dovanupastas.lt\/wp-content\/uploads\/2023\/11\/duso-zele-vyno-spa-50x50.jpg 50w, https:\/\/www.dovanupastas.lt\/wp-content\/uploads\/2023\/11\/duso-zele-vyno-spa-100x100.jpg 100w, https:\/\/www.dovanupastas.lt\/wp-content\/uploads\/2023\/11\/duso-zele-vyno-spa.jpg 500w\" sizes=\"(max-width: 300px) 100vw, 300px\" \/><\/a>                    <\/td>\n\n                    <td class=\"product-name\" data-title=\"Produktas\">\n                        <a href=\"https:\/\/www.dovanupastas.lt\/?product=duso-zele-vyno-spa\">Du\u0161o \u017eel\u0117 Vyno Spa<\/a>                    <\/td>\n\n                    <td class=\"product-price\" data-title=\"Kaina\">\n                        <span class=\"woocommerce-Price-amount amount\"><bdi>4.59&nbsp;<span class=\"woocommerce-Price-currencySymbol\">&euro;<\/span><\/bdi><\/span>                    <\/td>\n\n                    <td class=\"product-quantity\" data-title=\"Kiekis\n\">\n                        <div class=\"quantity\">\n\t\t<label class=\"screen-reader-text\" for=\"quantity_69e1c1e7be929\">Du\u0161o \u017eel\u0117 Vyno Spa quantity<\/label>\n\t<input type=\"button\" value=\"-\" class=\"input-button minus\">\n\t<input\n\t\ttype=\"number\"\n\t\t\t\tid=\"quantity_69e1c1e7be929\"\n\t\tclass=\"input-text qty text\"\n\t\tname=\"cart[f92fe1b356f8d46532a4c1b358dcbfa6][qty]\"\n\t\tvalue=\"1\"\n\t\taria-label=\"Product quantity\"\n\t\tsize=\"4\"\n\t\tmin=\"0\"\n\t\tmax=\"\"\n\t\t\t\t\tstep=\"1\"\n\t\t\tplaceholder=\"\"\n\t\t\tinputmode=\"numeric\"\n\t\t\tautocomplete=\"off\"\n\t\t\t\/>\n\t<input type=\"button\" value=\"+\" class=\"input-button plus\">\n\t<\/div>\n                    <\/td>\n\n                    <td class=\"product-subtotal\" data-title=\"Viso\">\n                        <span class=\"woocommerce-Price-amount amount\"><bdi>4.59&nbsp;<span class=\"woocommerce-Price-currencySymbol\">&euro;<\/span><\/bdi><\/span>                    <\/td>\n\n                <\/tr>\n                        \n            <\/tbody>\n<\/table>\n\n<div class=\"cart-actions\">\n\n            <div class=\"coupon\">\n            <label for=\"coupon_code\" class=\"screen-reader-text\">Coupon:<\/label> <input type=\"text\" name=\"coupon_code\" class=\"input-text\" id=\"coupon_code\" value=\"\" placeholder=\"Nuolaidos kodas\" \/> <button type=\"submit\" class=\"button\" name=\"apply_coupon\" value=\"Patvirtinti\">Patvirtinti<\/button>\n\n                    <\/div>\n    \n    <button type=\"submit\" class=\"button\" name=\"update_cart\" value=\"Atnaujinti\">Atnaujinti<\/button>\n\n    \n    <input type=\"hidden\" id=\"woocommerce-cart-nonce\" name=\"woocommerce-cart-nonce\" value=\"e1aaf60b1d\" \/><input type=\"hidden\" name=\"_wp_http_referer\" value=\"\/index.php?rest_route=%2Fwp%2Fv2%2Fpages%2F12\" \/><\/div>\n\n\n<\/form>\n\n\n<div class=\"cart-collaterals\">\n\n    <div class=\"cart_totals \">\n\n\t\n\t<h2>Krep\u0161elio suma\n<\/h2>\n\n\t<div class=\"cart-totals-wrap\">\n\n\t\t<div class=\"cart-totals-inner\">\n\n\t\t\t<table class=\"shop_table shop_table_responsive\">\n\n\t\t\t\t<tr class=\"cart-subtotal\">\n\t\t\t\t\t<th>I\u0161 viso:<\/th>\n\t\t\t\t\t<td data-title=\"I\u0161 viso:\"><span class=\"woocommerce-Price-amount amount\"><bdi>4.59&nbsp;<span class=\"woocommerce-Price-currencySymbol\">&euro;<\/span><\/bdi><\/span><\/td>\n\t\t\t\t<\/tr>\n\n\t\t\t\t\n\t\t\t\t\n\t\t\t\t\t\n\t\t\t\t\t<tr class=\"woocommerce-shipping-totals shipping\">\n\t<th>Pristatymas<\/th>\n\t<td data-title=\"Pristatymas\">\n\t\t\t\t\t<ul id=\"shipping_method\" class=\"woocommerce-shipping-methods\">\n\t\t\t\t\t\t\t\t\t<li>\n\t\t\t\t\t\t<input type=\"radio\" name=\"shipping_method[0]\" data-index=\"0\" id=\"shipping_method_0_parcelmachine_lp_express_lt3\" value=\"parcelmachine_lp_express_lt:3\" class=\"shipping_method\"  checked='checked' \/><label for=\"shipping_method_0_parcelmachine_lp_express_lt3\">LP Express: <span class=\"woocommerce-Price-amount amount\"><bdi>2.89&nbsp;<span class=\"woocommerce-Price-currencySymbol\">&euro;<\/span><\/bdi><\/span><\/label>\t\t\t\t\t<\/li>\n\t\t\t\t\t\t\t\t\t<li>\n\t\t\t\t\t\t<input type=\"radio\" name=\"shipping_method[0]\" data-index=\"0\" id=\"shipping_method_0_parcelmachine_omniva1\" value=\"parcelmachine_omniva:1\" class=\"shipping_method\"  \/><label for=\"shipping_method_0_parcelmachine_omniva1\">Omniva: <span class=\"woocommerce-Price-amount amount\"><bdi>3.29&nbsp;<span class=\"woocommerce-Price-currencySymbol\">&euro;<\/span><\/bdi><\/span><\/label>\t\t\t\t\t<\/li>\n\t\t\t\t\t\t\t\t\t<li>\n\t\t\t\t\t\t<input type=\"radio\" name=\"shipping_method[0]\" data-index=\"0\" id=\"shipping_method_0_parcelmachine_dpd2\" value=\"parcelmachine_dpd:2\" class=\"shipping_method\"  \/><label for=\"shipping_method_0_parcelmachine_dpd2\">DPD: <span class=\"woocommerce-Price-amount amount\"><bdi>3.29&nbsp;<span class=\"woocommerce-Price-currencySymbol\">&euro;<\/span><\/bdi><\/span><\/label>\t\t\t\t\t<\/li>\n\t\t\t\t\t\t\t\t\t<li>\n\t\t\t\t\t\t<input type=\"radio\" name=\"shipping_method[0]\" data-index=\"0\" id=\"shipping_method_0_flat_rate4\" value=\"flat_rate:4\" class=\"shipping_method\"  \/><label for=\"shipping_method_0_flat_rate4\">Lietuvos pa\u0161tas: <span class=\"woocommerce-Price-amount amount\"><bdi>4.99&nbsp;<span class=\"woocommerce-Price-currencySymbol\">&euro;<\/span><\/bdi><\/span><\/label>\t\t\t\t\t<\/li>\n\t\t\t\t\t\t\t<\/ul>\n\t\t\t\t\t\t\t<p class=\"woocommerce-shipping-destination\">\n\t\t\t\t\t<span class=\"woocommerce-shipping-estimate-html e-checkout-message e-cart-content\">Pristatymo pasirinkimai bus atnaujinti apmok\u0117jimo metu.<\/span>\t\t\t\t<\/p>\n\t\t\t\t\t\t\n\t\t\n\t\t\t\t\t\n<form class=\"woocommerce-shipping-calculator\" action=\"https:\/\/www.dovanupastas.lt\/?page_id=12\" method=\"post\">\n\n\t<a href=\"#\" class=\"shipping-calculator-button\">Skai\u010diuoti pristatym\u0105<\/a>\n\t<section class=\"shipping-calculator-form\" style=\"display:none;\">\n\n\t\t\t\t\t<p class=\"form-row form-row-wide\" id=\"calc_shipping_country_field\">\n\t\t\t\t<label for=\"calc_shipping_country\" class=\"screen-reader-text\">\u0160alis \/ Regionas:<\/label>\n\t\t\t\t<select name=\"calc_shipping_country\" id=\"calc_shipping_country\" class=\"country_to_state country_select\" rel=\"calc_shipping_state\">\n\t\t\t\t\t<option value=\"default\">Pasirinkite \u0161al\u012f\/region\u0105&hellip;<\/option>\n\t\t\t\t\t<option value=\"AF\">Afganistanas<\/option><option value=\"IE\">Airija<\/option><option value=\"AX\">Aland\u0173 salos<\/option><option value=\"AL\">Albanija<\/option><option value=\"DZ\">Al\u017eyras<\/option><option value=\"AS\">Amerikos Samoa<\/option><option value=\"AD\">Andora<\/option><option value=\"AI\">Angilija<\/option><option value=\"AO\">Angola<\/option><option value=\"AQ\">Antarktida<\/option><option value=\"AG\">Antigva ir Barbuda<\/option><option value=\"AR\">Argentina<\/option><option value=\"AM\">Arm\u0117nija<\/option><option value=\"AW\">Aruba<\/option><option value=\"AU\">Australija<\/option><option value=\"AT\">Austrija<\/option><option value=\"AZ\">Azerbaid\u017eanas<\/option><option value=\"BS\">Bahamai<\/option><option value=\"BH\">Bahreinas<\/option><option value=\"BY\">Baltarusija<\/option><option value=\"BD\">Banglade\u0161as<\/option><option value=\"BB\">Barbadosas<\/option><option value=\"PW\">Belau<\/option><option value=\"BE\">Belgija<\/option><option value=\"BZ\">Belizas<\/option><option value=\"BJ\">Beninas<\/option><option value=\"BM\">Bermudai<\/option><option value=\"BQ\">BES salos (Karib\u0173 Nyderlandai)<\/option><option value=\"GW\">Bisau Gvin\u0117ja<\/option><option value=\"BO\">Bolivija<\/option><option value=\"BA\">Bosnija ir Hercegovina<\/option><option value=\"BW\">Botsvana<\/option><option value=\"BR\">Brazilija<\/option><option value=\"BN\">Brun\u0117jus<\/option><option value=\"BG\">Bulgarija<\/option><option value=\"BF\">Burkina Fasas<\/option><option value=\"BI\">Burundis<\/option><option value=\"BT\">Butanas<\/option><option value=\"BV\">Buv\u0117 sala<\/option><option value=\"CF\">Centrin\u0117 Afrikos Respublika<\/option><option value=\"TD\">\u010cadas<\/option><option value=\"CZ\">\u010cekija<\/option><option value=\"CL\">\u010cil\u0117<\/option><option value=\"DK\">Danija<\/option><option value=\"DM\">Dominika<\/option><option value=\"DO\">Dominikos Respublika<\/option><option value=\"CI\">Dramblio Kaulo Krantas<\/option><option value=\"JE\">D\u017eersis<\/option><option value=\"DJ\">D\u017eibutis<\/option><option value=\"EG\">Egiptas<\/option><option value=\"EC\">Ekvadoras<\/option><option value=\"ER\">Eritr\u0117ja<\/option><option value=\"EE\">Estija<\/option><option value=\"SZ\">Eswatini<\/option><option value=\"ET\">Etiopija<\/option><option value=\"FO\">Farer\u0173 salos<\/option><option value=\"FJ\">Fid\u017eis<\/option><option value=\"PH\">Filipinai<\/option><option value=\"FK\">Folklando salos<\/option><option value=\"GA\">Gabonas<\/option><option value=\"GY\">Gajana<\/option><option value=\"GM\">Gambija<\/option><option value=\"GH\">Gana<\/option><option value=\"GG\">Gernsis<\/option><option value=\"GI\">Gibraltaras<\/option><option value=\"GR\">Graikija<\/option><option value=\"GD\">Grenada<\/option><option value=\"GL\">Grenlandija<\/option><option value=\"GU\">Guamas<\/option><option value=\"GP\">Gvadelupa<\/option><option value=\"GT\">Gvatemala<\/option><option value=\"GN\">Gvin\u0117ja<\/option><option value=\"HT\">Haitis<\/option><option value=\"HM\">Herdas ir Makdonaldas<\/option><option value=\"HN\">Hond\u016bras<\/option><option value=\"HK\">Honkongas<\/option><option value=\"IN\">Indija<\/option><option value=\"IO\">Indijos Vandenyno Brit\u0173 Sritis<\/option><option value=\"ID\">Indonezija<\/option><option value=\"IQ\">Irakas<\/option><option value=\"IR\">Iranas<\/option><option value=\"IS\">Islandija<\/option><option value=\"ES\">Ispanija<\/option><option value=\"IT\">Italija<\/option><option value=\"IL\">Izraelis<\/option><option value=\"JM\">Jamaika<\/option><option value=\"JP\">Japonija<\/option><option value=\"UM\">JAV I\u0161orin\u0117s Ma\u017eosios salos<\/option><option value=\"YE\">Jemenas<\/option><option value=\"JO\">Jordanija<\/option><option value=\"GB\">Jungtin\u0117 Karalyst\u0117 (JK)<\/option><option value=\"US\">Jungtin\u0117s Amerikos Valstijos (JAV)<\/option><option value=\"AE\">Jungtiniai Arab\u0173 Emyratai<\/option><option value=\"ME\">Juodkalnija<\/option><option value=\"KY\">Kaiman\u0173 salos<\/option><option value=\"CX\">Kal\u0117d\u0173 sala<\/option><option value=\"KH\">Kambod\u017ea<\/option><option value=\"CM\">Kamer\u016bnas<\/option><option value=\"CA\">Kanada<\/option><option value=\"QA\">Kataras<\/option><option value=\"KZ\">Kazachstanas<\/option><option value=\"KE\">Kenija<\/option><option value=\"CN\">Kinija<\/option><option value=\"CY\">Kipras<\/option><option value=\"KG\">Kirgizija<\/option><option value=\"KI\">Kiribatis<\/option><option value=\"CW\">Kiurasao<\/option><option value=\"CC\">Kokos\u0173 sala<\/option><option value=\"CO\">Kolumbija<\/option><option value=\"KM\">Komorai<\/option><option value=\"CG\">Kongas (Brazivilis)<\/option><option value=\"CD\">Kongas (Kin\u0161asa)<\/option><option value=\"CR\">Kosta Rika<\/option><option value=\"HR\">Kroatija<\/option><option value=\"CU\">Kuba<\/option><option value=\"CK\">Kuko salos<\/option><option value=\"KW\">Kuveitas<\/option><option value=\"LA\">Laosas<\/option><option value=\"LV\">Latvija<\/option><option value=\"PL\">Lenkija<\/option><option value=\"LS\">Lesotas<\/option><option value=\"LB\">Libanas<\/option><option value=\"LR\">Liberija<\/option><option value=\"LY\">Libija<\/option><option value=\"LI\">Lichten\u0161teinas<\/option><option value=\"LT\" selected='selected'>Lietuva<\/option><option value=\"LU\">Liuksemburgas<\/option><option value=\"MG\">Madagaskaras<\/option><option value=\"YT\">Majotas<\/option><option value=\"MO\">Makao<\/option><option value=\"MY\">Malaizija<\/option><option value=\"MW\">Malavis<\/option><option value=\"MV\">Maldyvai<\/option><option value=\"ML\">Malis<\/option><option value=\"MT\">Malta<\/option><option value=\"MA\">Marokas<\/option><option value=\"MH\">Mar\u0161alo salos<\/option><option value=\"MQ\">Martinika<\/option><option value=\"MU\">Mauricijus<\/option><option value=\"MR\">Mauritanija<\/option><option value=\"MX\">Meksika<\/option><option value=\"IM\">Meno sala<\/option><option value=\"VG\">Mergeli\u0173 salos (Did\u017eiosios Britanijos)<\/option><option value=\"VI\">Mergeli\u0173 salos (JAV)<\/option><option value=\"MM\">Mianmaras<\/option><option value=\"FM\">Mikronezija<\/option><option value=\"MD\">Moldova<\/option><option value=\"MC\">Monakas<\/option><option value=\"MN\">Mongolija<\/option><option value=\"MS\">Montseratas<\/option><option value=\"MZ\">Mozambikas<\/option><option value=\"NA\">Namibija<\/option><option value=\"NC\">Naujoji Kaledonija<\/option><option value=\"NZ\">Naujoji Zelandija<\/option><option value=\"NR\">Nauru<\/option><option value=\"NP\">Nepalas<\/option><option value=\"NL\">Nyderlandai<\/option><option value=\"NG\">Nigerija<\/option><option value=\"NE\">Nigeris<\/option><option value=\"NI\">Nikaragva<\/option><option value=\"NU\">Niuj\u0117<\/option><option value=\"NF\">Norfolkas<\/option><option value=\"NO\">Norvegija<\/option><option value=\"OM\">Omanas<\/option><option value=\"PK\">Pakistanas<\/option><option value=\"PS\">Palestina<\/option><option value=\"PA\">Panama<\/option><option value=\"PG\">Papua Naujoji Gvin\u0117ja<\/option><option value=\"PY\">Paragvajus<\/option><option value=\"PE\">Peru<\/option><option value=\"ZA\">Piet\u0173 Afrika<\/option><option value=\"GS\">Piet\u0173 D\u017eord\u017eijos \/ Sandvi\u010do salos<\/option><option value=\"KR\">Piet\u0173 Kor\u0117ja<\/option><option value=\"SS\">Piet\u0173 Sudanas<\/option><option value=\"PN\">Pitkerno salos<\/option><option value=\"PT\">Portugalija<\/option><option value=\"FR\">Pranc\u016bzija<\/option><option value=\"GF\">Pranc\u016bzijos Gviana<\/option><option value=\"TF\">Pranc\u016bzijos Piet\u0173 Sritys<\/option><option value=\"PF\">Pranc\u016bzijos Polinezija<\/option><option value=\"PR\">Puerto Rikas<\/option><option value=\"GQ\">Pusiaujo Gvin\u0117ja<\/option><option value=\"RE\">Reunjonas<\/option><option value=\"TL\">Ryt\u0173 Timoras<\/option><option value=\"RW\">Ruanda<\/option><option value=\"RO\">Rumunija<\/option><option value=\"RU\">Rusija<\/option><option value=\"GE\">Sakartvelas<\/option><option value=\"SB\">Saliamono salos<\/option><option value=\"SV\">Salvadoras<\/option><option value=\"WS\">Samoa<\/option><option value=\"SM\">San Marinas<\/option><option value=\"SX\">San Martenas (oland\u0173 dalis)<\/option><option value=\"MF\">San Martenas (pranc\u016bz\u0173 dalis)<\/option><option value=\"ST\">San Tom\u0117 ir Prinsip\u0117<\/option><option value=\"SA\">Saudo Arabija<\/option><option value=\"SC\">Sei\u0161eliai<\/option><option value=\"PM\">Sen Pjeras ir Mikelonas<\/option><option value=\"SN\">Senegalas<\/option><option value=\"KN\">Sent Kitsas ir Nevis<\/option><option value=\"LC\">Sent Lusija<\/option><option value=\"VC\">Sent Vinsentas ir Grenadinai<\/option><option value=\"RS\">Serbija<\/option><option value=\"SL\">Siera Leon\u0117<\/option><option value=\"SG\">Singap\u016bras<\/option><option value=\"SY\">Sirija<\/option><option value=\"SK\">Slovakija<\/option><option value=\"SI\">Slov\u0117nija<\/option><option value=\"SO\">Somalis<\/option><option value=\"SD\">Sudanas<\/option><option value=\"FI\">Suomija<\/option><option value=\"SR\">Surinamas<\/option><option value=\"SJ\">Svalbardas ir Jan Majenas<\/option><option value=\"KP\">\u0160iaur\u0117s Kor\u0117ja<\/option><option value=\"MK\">\u0160iaur\u0117s Makedonija<\/option><option value=\"MP\">\u0160iaur\u0117s Marian\u0173 salos<\/option><option value=\"LK\">\u0160ri Lanka<\/option><option value=\"BL\">\u0160v. Bartolom\u0117jaus sala<\/option><option value=\"SH\">\u0160v. Elenos sala<\/option><option value=\"SE\">\u0160vedija<\/option><option value=\"CH\">\u0160veicarija<\/option><option value=\"TJ\">Tad\u017eikistanas<\/option><option value=\"TH\">Tailandas<\/option><option value=\"TW\">Taivanas<\/option><option value=\"TZ\">Tanzanija<\/option><option value=\"TC\">Terksas ir Kaikosas<\/option><option value=\"TG\">Togas<\/option><option value=\"TK\">Tokelau<\/option><option value=\"TO\">Tonga<\/option><option value=\"TT\">Trinidadas ir Tobagas<\/option><option value=\"TN\">Tunisas<\/option><option value=\"TR\">Turkija<\/option><option value=\"TM\">Turkmenistanas<\/option><option value=\"TV\">Tuvalu<\/option><option value=\"UG\">Uganda<\/option><option value=\"UA\">Ukraina<\/option><option value=\"UY\">Urugvajus<\/option><option value=\"UZ\">Uzbekistanas<\/option><option value=\"EH\">Vakar\u0173 Sachara<\/option><option value=\"VU\">Vanuatu<\/option><option value=\"VA\">Vatikanas<\/option><option value=\"VE\">Venesuela<\/option><option value=\"HU\">Vengrija<\/option><option value=\"VN\">Vietnamas<\/option><option value=\"DE\">Vokietija<\/option><option value=\"WF\">Volisas ir Fut\u016bna<\/option><option value=\"ZM\">Zambija<\/option><option value=\"ZW\">Zimbabv\u0117<\/option><option value=\"CV\">\u017daliasis Ky\u0161ulys<\/option>\t\t\t\t<\/select>\n\t\t\t<\/p>\n\t\t\n\t\t\t\t\t<p class=\"form-row form-row-wide\" id=\"calc_shipping_state_field\">\n\t\t\t\t\t\t\t\t\t<label for=\"calc_shipping_state\" class=\"screen-reader-text\">Valstija \/ grafyst\u0117<\/label>\n\t\t\t\t\t<input type=\"text\" class=\"input-text\" value=\"\" placeholder=\"Apskritis\" name=\"calc_shipping_state\" id=\"calc_shipping_state\" \/>\n\t\t\t\t\t\t\t\t<\/p>\n\t\t\n\t\t\t\t\t<p class=\"form-row form-row-wide\" id=\"calc_shipping_city_field\">\n\t\t\t\t<label for=\"calc_shipping_city\" class=\"screen-reader-text\">Miestas:<\/label>\n\t\t\t\t<input type=\"text\" class=\"input-text\" value=\"\" placeholder=\"Miestas\" name=\"calc_shipping_city\" id=\"calc_shipping_city\" \/>\n\t\t\t<\/p>\n\t\t\n\t\t\t\t\t<p class=\"form-row form-row-wide\" id=\"calc_shipping_postcode_field\">\n\t\t\t\t<label for=\"calc_shipping_postcode\" class=\"screen-reader-text\">Pa\u0161to kodas:<\/label>\n\t\t\t\t<input type=\"text\" class=\"input-text\" value=\"\" placeholder=\"Pa\u0161to kodas\" name=\"calc_shipping_postcode\" id=\"calc_shipping_postcode\" \/>\n\t\t\t<\/p>\n\t\t\n\t\t<p><button type=\"submit\" name=\"calc_shipping\" value=\"1\" class=\"button\">Atnaujinti<\/button><\/p>\n\t\t<input type=\"hidden\" id=\"woocommerce-shipping-calculator-nonce\" name=\"woocommerce-shipping-calculator-nonce\" value=\"39cdff97f5\" \/><input type=\"hidden\" name=\"_wp_http_referer\" value=\"\/index.php?rest_route=%2Fwp%2Fv2%2Fpages%2F12\" \/>\t<\/section>\n<\/form>\n\n\t\t\t<\/td>\n<\/tr>\n\n\t\t\t\t\t\n\t\t\t\t\n\t\t\t\t\n\t\t\t\t\n\t\t\t\t\n\t\t\t\t<tr class=\"order-total\">\n\t\t\t\t\t<th>Viso<\/th>\n\t\t\t\t\t<td data-title=\"Viso\"><strong><span class=\"woocommerce-Price-amount amount\"><bdi>7.48&nbsp;<span class=\"woocommerce-Price-currencySymbol\">&euro;<\/span><\/bdi><\/span><\/strong> <\/td>\n\t\t\t\t<\/tr>\n\n\t\t\t\t\n\t\t\t<\/table>\n\n\t\t\t<div class=\"wc-proceed-to-checkout\">\n\t\t\t\t\n<a href=\"https:\/\/www.dovanupastas.lt\/?page_id=13\" class=\"checkout-button button alt wc-forward\">\n\tT\u0119sti atsiskaitym\u0105<\/a>\n\t\t\t<\/div>\n\n\t\t<\/div>\n\t<\/div>\n\n\t\n<\/div>\n\n<\/div>\n\n<\/div>\n","protected":false},"excerpt":{"rendered":"","protected":false},"author":1,"featured_media":0,"parent":0,"menu_order":0,"comment_status":"closed","ping_status":"closed","template":"","meta":{"footnotes":""},"_links":{"self":[{"href":"https:\/\/www.dovanupastas.lt\/index.php?rest_route=\/wp\/v2\/pages\/12"}],"collection":[{"href":"https:\/\/www.dovanupastas.lt\/index.php?rest_route=\/wp\/v2\/pages"}],"about":[{"href":"https:\/\/www.dovanupastas.lt\/index.php?rest_route=\/wp\/v2\/types\/page"}],"author":[{"embeddable":true,"href":"https:\/\/www.dovanupastas.lt\/index.php?rest_route=\/wp\/v2\/users\/1"}],"replies":[{"embeddable":true,"href":"https:\/\/www.dovanupastas.lt\/index.php?rest_route=%2Fwp%2Fv2%2Fcomments&post=12"}],"version-history":[{"count":1,"href":"https:\/\/www.dovanupastas.lt\/index.php?rest_route=\/wp\/v2\/pages\/12\/revisions"}],"predecessor-version":[{"id":17846,"href":"https:\/\/www.dovanupastas.lt\/index.php?rest_route=\/wp\/v2\/pages\/12\/revisions\/17846"}],"wp:attachment":[{"href":"https:\/\/www.dovanupastas.lt\/index.php?rest_route=%2Fwp%2Fv2%2Fmedia&parent=12"}],"curies":[{"name":"wp","href":"https:\/\/api.w.org\/{rel}","templated":true}]}}